{"id":995,"date":"2019-10-04T08:48:56","date_gmt":"2019-10-04T06:48:56","guid":{"rendered":"https:\/\/www.kvinne.de\/?page_id=995"},"modified":"2019-10-04T08:53:06","modified_gmt":"2019-10-04T06:53:06","slug":"cookie-website-check","status":"publish","type":"page","link":"https:\/\/www.kvinne.de\/en\/cookie-website-check\/","title":{"rendered":"Cookie-Website-Check"},"content":{"rendered":"<p class=\"has-text-color has-cyan-bluish-gray-color\">Um Ihre Website an die aktuellen Anforderungen des EuGH-Urteils vom 01.10.19 anzupassen, haben wir folgendes <strong>Paket<\/strong> f\u00fcr Sie zusammengestellt: <\/p>\n\n\n\n<ul class=\"wp-block-list\"><li><strong>Pr\u00fcfung der Website auf verwendeten Trackingcode<\/strong><\/li><li><strong>Pr\u00fcfung der Tool\u2019s auf Zul\u00e4ssigkeit der Verarbeitung gem\u00e4\u00df Art. 44 ff. EU DSGVO<\/strong><\/li><li><strong>Aktualisierung der Datenschutzerkl\u00e4rung auf der Website gem\u00e4\u00df Art. 12 ff. &nbsp;EU DSGVO<\/strong><\/li><\/ul>\n\n\n\n<p class=\"has-text-color has-cyan-bluish-gray-color\"><strong>Preis: 499\u20ac<\/strong> <em>\/ 3 Trackinganbieter EU\/ Drittland <\/em><\/p>\n\n\n\n<p style=\"color:#223b60\" class=\"has-text-color has-small-font-size\"><em>Techn. Umsetzung des Cookie-Banners mittel Opt-In exclusive bzw. auf Anfrage<\/em><\/p>\n\n\n\n<p style=\"color:#223b60\" class=\"has-text-color\"><strong><a href=\"https:\/\/www.kvinne.de\/en\/impressum\/\" target=\"_blank\" rel=\"noreferrer noopener\" aria-label=\"Kontakt: (\u00f6ffnet in neuem Tab)\">Contact<\/a><\/strong><br> Telephone: +49 351-21971182<br> E-Mail: <a rel=\"noreferrer noopener\" href=\"mailto:info@kvinne.de\" target=\"_blank\">info@kvinne.de<\/a><\/p>","protected":false},"excerpt":{"rendered":"<p>Um Ihre Website an die aktuellen Anforderungen des EuGH-Urteils vom 01.10.19 anzupassen, haben wir folgendes Paket f\u00fcr Sie zusammengestellt: Pr\u00fcfung der Website auf verwendeten Trackingcode Pr\u00fcfung der Tool\u2019s auf Zul\u00e4ssigkeit der Verarbeitung gem\u00e4\u00df Art. 44 ff. EU DSGVO Aktualisierung der Datenschutzerkl\u00e4rung auf der Website gem\u00e4\u00df Art. 12 ff. &nbsp;EU DSGVO Preis: 499\u20ac \/ 3 Trackinganbieter &#8230; <a title=\"Cookie-Website-Check\" class=\"read-more\" href=\"https:\/\/www.kvinne.de\/en\/cookie-website-check\/\" aria-label=\"Read more about Cookie-Website-Check\">Read more<\/a><\/p>","protected":false},"author":1,"featured_media":0,"parent":0,"menu_order":0,"comment_status":"closed","ping_status":"closed","template":"","meta":{"footnotes":""},"class_list":["post-995","page","type-page","status-publish"],"yoast_head":"<!-- This site is optimized with the Yoast SEO plugin v27.4 - https:\/\/yoast.com\/product\/yoast-seo-wordpress\/ -->\n<title>Cookie-Website-Check - KVINNE GmbH<\/title>\n<meta name=\"robots\" content=\"index, follow, max-snippet:-1, max-image-preview:large, max-video-preview:-1\" \/>\n<link rel=\"canonical\" href=\"https:\/\/www.kvinne.de\/en\/cookie-website-check\/\" \/>\n<meta property=\"og:locale\" content=\"en_US\" \/>\n<meta property=\"og:type\" content=\"article\" \/>\n<meta property=\"og:title\" content=\"Cookie-Website-Check - KVINNE GmbH\" \/>\n<meta property=\"og:description\" content=\"Um Ihre Website an die aktuellen Anforderungen des EuGH-Urteils vom 01.10.19 anzupassen, haben wir folgendes Paket f\u00fcr Sie zusammengestellt: Pr\u00fcfung der Website auf verwendeten Trackingcode Pr\u00fcfung der Tool\u2019s auf Zul\u00e4ssigkeit der Verarbeitung gem\u00e4\u00df Art. 44 ff. EU DSGVO Aktualisierung der Datenschutzerkl\u00e4rung auf der Website gem\u00e4\u00df Art. 12 ff. &nbsp;EU DSGVO Preis: 499\u20ac \/ 3 Trackinganbieter ... Read more\" \/>\n<meta property=\"og:url\" content=\"https:\/\/www.kvinne.de\/en\/cookie-website-check\/\" \/>\n<meta property=\"og:site_name\" content=\"KVINNE GmbH\" \/>\n<meta property=\"article:modified_time\" content=\"2019-10-04T06:53:06+00:00\" \/>\n<meta name=\"twitter:card\" content=\"summary_large_image\" \/>\n<script type=\"application\/ld+json\" class=\"yoast-schema-graph\">{\"@context\":\"https:\\\/\\\/schema.org\",\"@graph\":[{\"@type\":\"WebPage\",\"@id\":\"https:\\\/\\\/www.kvinne.de\\\/cookie-website-check\\\/\",\"url\":\"https:\\\/\\\/www.kvinne.de\\\/cookie-website-check\\\/\",\"name\":\"Cookie-Website-Check - KVINNE GmbH\",\"isPartOf\":{\"@id\":\"https:\\\/\\\/www.kvinne.de\\\/#website\"},\"datePublished\":\"2019-10-04T06:48:56+00:00\",\"dateModified\":\"2019-10-04T06:53:06+00:00\",\"breadcrumb\":{\"@id\":\"https:\\\/\\\/www.kvinne.de\\\/cookie-website-check\\\/#breadcrumb\"},\"inLanguage\":\"en-US\",\"potentialAction\":[{\"@type\":\"ReadAction\",\"target\":[\"https:\\\/\\\/www.kvinne.de\\\/cookie-website-check\\\/\"]}]},{\"@type\":\"BreadcrumbList\",\"@id\":\"https:\\\/\\\/www.kvinne.de\\\/cookie-website-check\\\/#breadcrumb\",\"itemListElement\":[{\"@type\":\"ListItem\",\"position\":1,\"name\":\"Startseite\",\"item\":\"https:\\\/\\\/www.kvinne.de\\\/\"},{\"@type\":\"ListItem\",\"position\":2,\"name\":\"Cookie-Website-Check\"}]},{\"@type\":\"WebSite\",\"@id\":\"https:\\\/\\\/www.kvinne.de\\\/#website\",\"url\":\"https:\\\/\\\/www.kvinne.de\\\/\",\"name\":\"KVINNE GmbH\",\"description\":\"Datenschutz und Informationssicherheit\",\"publisher\":{\"@id\":\"https:\\\/\\\/www.kvinne.de\\\/#organization\"},\"potentialAction\":[{\"@type\":\"SearchAction\",\"target\":{\"@type\":\"EntryPoint\",\"urlTemplate\":\"https:\\\/\\\/www.kvinne.de\\\/?s={search_term_string}\"},\"query-input\":{\"@type\":\"PropertyValueSpecification\",\"valueRequired\":true,\"valueName\":\"search_term_string\"}}],\"inLanguage\":\"en-US\"},{\"@type\":\"Organization\",\"@id\":\"https:\\\/\\\/www.kvinne.de\\\/#organization\",\"name\":\"KVINNE GmbH Datenschutz & Dgitalberatung\",\"alternateName\":\"KVINNE\",\"url\":\"https:\\\/\\\/www.kvinne.de\\\/\",\"logo\":{\"@type\":\"ImageObject\",\"inLanguage\":\"en-US\",\"@id\":\"https:\\\/\\\/www.kvinne.de\\\/#\\\/schema\\\/logo\\\/image\\\/\",\"url\":\"https:\\\/\\\/www.kvinne.de\\\/wp-content\\\/uploads\\\/2018\\\/07\\\/Logo-transparenter-Hintergrund-extra-Schloss-klein.png\",\"contentUrl\":\"https:\\\/\\\/www.kvinne.de\\\/wp-content\\\/uploads\\\/2018\\\/07\\\/Logo-transparenter-Hintergrund-extra-Schloss-klein.png\",\"width\":150,\"height\":183,\"caption\":\"KVINNE GmbH Datenschutz & Dgitalberatung\"},\"image\":{\"@id\":\"https:\\\/\\\/www.kvinne.de\\\/#\\\/schema\\\/logo\\\/image\\\/\"},\"sameAs\":[\"https:\\\/\\\/www.linkedin.com\\\/company\\\/kvinne-gmbh\\\/\"]}]}<\/script>\n<!-- \/ Yoast SEO plugin. -->","yoast_head_json":{"title":"Cookie-Website-Check - KVINNE GmbH","robots":{"index":"index","follow":"follow","max-snippet":"max-snippet:-1","max-image-preview":"max-image-preview:large","max-video-preview":"max-video-preview:-1"},"canonical":"https:\/\/www.kvinne.de\/en\/cookie-website-check\/","og_locale":"en_US","og_type":"article","og_title":"Cookie-Website-Check - KVINNE GmbH","og_description":"Um Ihre Website an die aktuellen Anforderungen des EuGH-Urteils vom 01.10.19 anzupassen, haben wir folgendes Paket f\u00fcr Sie zusammengestellt: Pr\u00fcfung der Website auf verwendeten Trackingcode Pr\u00fcfung der Tool\u2019s auf Zul\u00e4ssigkeit der Verarbeitung gem\u00e4\u00df Art. 44 ff. EU DSGVO Aktualisierung der Datenschutzerkl\u00e4rung auf der Website gem\u00e4\u00df Art. 12 ff. &nbsp;EU DSGVO Preis: 499\u20ac \/ 3 Trackinganbieter ... Read more","og_url":"https:\/\/www.kvinne.de\/en\/cookie-website-check\/","og_site_name":"KVINNE GmbH","article_modified_time":"2019-10-04T06:53:06+00:00","twitter_card":"summary_large_image","schema":{"@context":"https:\/\/schema.org","@graph":[{"@type":"WebPage","@id":"https:\/\/www.kvinne.de\/cookie-website-check\/","url":"https:\/\/www.kvinne.de\/cookie-website-check\/","name":"Cookie-Website-Check - KVINNE GmbH","isPartOf":{"@id":"https:\/\/www.kvinne.de\/#website"},"datePublished":"2019-10-04T06:48:56+00:00","dateModified":"2019-10-04T06:53:06+00:00","breadcrumb":{"@id":"https:\/\/www.kvinne.de\/cookie-website-check\/#breadcrumb"},"inLanguage":"en-US","potentialAction":[{"@type":"ReadAction","target":["https:\/\/www.kvinne.de\/cookie-website-check\/"]}]},{"@type":"BreadcrumbList","@id":"https:\/\/www.kvinne.de\/cookie-website-check\/#breadcrumb","itemListElement":[{"@type":"ListItem","position":1,"name":"Startseite","item":"https:\/\/www.kvinne.de\/"},{"@type":"ListItem","position":2,"name":"Cookie-Website-Check"}]},{"@type":"WebSite","@id":"https:\/\/www.kvinne.de\/#website","url":"https:\/\/www.kvinne.de\/","name":"KVINNE GmbH","description":"Datenschutz und Informationssicherheit","publisher":{"@id":"https:\/\/www.kvinne.de\/#organization"},"potentialAction":[{"@type":"SearchAction","target":{"@type":"EntryPoint","urlTemplate":"https:\/\/www.kvinne.de\/?s={search_term_string}"},"query-input":{"@type":"PropertyValueSpecification","valueRequired":true,"valueName":"search_term_string"}}],"inLanguage":"en-US"},{"@type":"Organization","@id":"https:\/\/www.kvinne.de\/#organization","name":"KVINNE GmbH Datenschutz & Dgitalberatung","alternateName":"KVINNE","url":"https:\/\/www.kvinne.de\/","logo":{"@type":"ImageObject","inLanguage":"en-US","@id":"https:\/\/www.kvinne.de\/#\/schema\/logo\/image\/","url":"https:\/\/www.kvinne.de\/wp-content\/uploads\/2018\/07\/Logo-transparenter-Hintergrund-extra-Schloss-klein.png","contentUrl":"https:\/\/www.kvinne.de\/wp-content\/uploads\/2018\/07\/Logo-transparenter-Hintergrund-extra-Schloss-klein.png","width":150,"height":183,"caption":"KVINNE GmbH Datenschutz & Dgitalberatung"},"image":{"@id":"https:\/\/www.kvinne.de\/#\/schema\/logo\/image\/"},"sameAs":["https:\/\/www.linkedin.com\/company\/kvinne-gmbh\/"]}]}},"_links":{"self":[{"href":"https:\/\/www.kvinne.de\/en\/wp-json\/wp\/v2\/pages\/995","targetHints":{"allow":["GET"]}}],"collection":[{"href":"https:\/\/www.kvinne.de\/en\/wp-json\/wp\/v2\/pages"}],"about":[{"href":"https:\/\/www.kvinne.de\/en\/wp-json\/wp\/v2\/types\/page"}],"author":[{"embeddable":true,"href":"https:\/\/www.kvinne.de\/en\/wp-json\/wp\/v2\/users\/1"}],"replies":[{"embeddable":true,"href":"https:\/\/www.kvinne.de\/en\/wp-json\/wp\/v2\/comments?post=995"}],"version-history":[{"count":0,"href":"https:\/\/www.kvinne.de\/en\/wp-json\/wp\/v2\/pages\/995\/revisions"}],"wp:attachment":[{"href":"https:\/\/www.kvinne.de\/en\/wp-json\/wp\/v2\/media?parent=995"}],"curies":[{"name":"wp","href":"https:\/\/api.w.org\/{rel}","templated":true}]}}