{"id":283,"date":"2018-10-05T12:10:08","date_gmt":"2018-10-05T10:10:08","guid":{"rendered":"https:\/\/www.acronum.de.w0194bd1.kasserver.com\/?page_id=283"},"modified":"2024-09-18T12:24:02","modified_gmt":"2024-09-18T10:24:02","slug":"digitales-managementsystem-dresden","status":"publish","type":"page","link":"https:\/\/www.kvinne.de\/en\/digitales-managementsystem-dresden\/","title":{"rendered":"Digital management system"},"content":{"rendered":"<p><span style=\"color: #223b60;\">Die Einf\u00fchrung der ISO 27001 und der EU DSGVO erfordert ein Managementsystem,\u00a0 welches Anweisungen und Prozesse f\u00fcr die Mitarbeiter festlegt. Die Zeiten in denen Organisationshandb\u00fccher gedruckt wurden sind jedoch l\u00e4ngst Geschichte.\u00a0<\/span><\/p>\n<p><span style=\"color: #223b60;\">Mit einem digitalen Managementsystem sind Sie nah am Mitarbeiter und das System beginnt zu leben. Unsere Berater arbeiten mit confluence von Atlassian oder Orgavision (Deutschland). Mit diesen beiden Systemen ist eine standortunabh\u00e4ngige Zusammenarbeit m\u00f6glich.<\/span><\/p>\n<p>\u00a0<\/p>\n<p><img loading=\"lazy\" decoding=\"async\" class=\"alignleft\" src=\"https:\/\/www.kvinne.de\/wp-content\/uploads\/2019\/08\/digitization-1755783_640.jpg\" alt=\"confluence\" width=\"356\" height=\"200\" \/><\/p>\n<h2>\u00a0<\/h2>\n<h2>\u00a0<\/h2>\n<h2>\u00a0<\/h2>\n<p>\u00a0<\/p>\n<h2>\u00a0<\/h2>\n<h2><span class=\"ng-scope\" style=\"color: #223b60;\">Was sind die Vorteile eines digitalen Managementsystems?<br \/><\/span><\/h2>\n<ol class=\"ng-scope\">\n<li><span style=\"color: #223b60;\">Einbeziehung der Mitarbeiter.<\/span><\/li>\n<li><span style=\"color: #223b60;\">Es ist von jedem Arbeitsplatz erreichbar.<\/span><\/li>\n<li><span style=\"color: #223b60;\">Alle Versionen werden gespeichert.<\/span><\/li>\n<li><span style=\"color: #223b60;\">Als Vorgesetzter geben Sie die Richtlinien frei.<\/span><\/li>\n<li><span style=\"color: #223b60;\">Die intuitive Verlinkung von Inhalten.<\/span><\/li>\n<li><span style=\"color: #223b60;\">Test der Mitarbeiter m\u00f6glich<\/span><\/li>\n<\/ol>\n<h2><span class=\"ng-scope\" style=\"color: #223b60;\">Was wird im digitalen Managementsystem abgebildet?<\/span><\/h2>\n<ol class=\"ng-scope\">\n<li><span style=\"color: #223b60;\">Richtlinien und Prozesse des Unternehmens<\/span><\/li>\n<li><span style=\"color: #223b60;\">Organigramm des Unternehmens<\/span><\/li>\n<li><span style=\"color: #223b60;\">Stellenbeschreibungen<\/span><\/li>\n<li><span style=\"color: #223b60;\">Wissendatenbank<\/span><\/li>\n<\/ol>\n<h2><span style=\"color: #223b60;\">Welche Anbieter von digitalen Managemsystem stehen zur Verf\u00fcgung?<\/span><\/h2>\n<p><span style=\"color: #223b60;\">Die Berater der KVINNE GmbH haben sich auf die Verwendung von 2 Anbietern von digitalen Managemensystemen\/ Colloboration Software festgelegt.<\/span><\/p>\n<ol>\n<li><span style=\"color: #223b60;\"><a style=\"color: #223b60;\" href=\"https:\/\/www.communardo.de\/atlassian-confluence\/\" target=\"_blank\" rel=\"noopener noreferrer\">confluence (Atlassian)<\/a><\/span><\/li>\n<li><a href=\"https:\/\/www.orgavision.com\/\">Orgavision (Berliner Firma)<\/a><\/li>\n<li>xwiki<\/li>\n<li>mediawiki<\/li>\n<\/ol>\n<p><span style=\"color: #223b60;\">Bei diesem Anbieter handelt es sich um ein australisches Unternehmen, welche eine Colloboration Plattform anbietet, welche sich auch in der Verwendung als digitales Managementsystem bew\u00e4hrt hat.<\/span><\/p>\n<p><span style=\"color: #223b60;\">Confluence enth\u00e4lt viele n\u00fctzliche Funktionen. Unter anderen:<\/span><\/p>\n<div class=\"wpb_column vc_column_container vc_col-sm-8\">\n<div class=\"vc_column-inner\">\n<div class=\"wpb_wrapper\">\n<div class=\"wpb_text_column wpb_content_element text\">\n<div class=\"wpb_wrapper\">\n<ul>\n<li><span style=\"color: #223b60;\">Aufbau, Pflege und Verbesserung eines Managementsystems nach ISO 9001, ISO 27001 oder Datenschutz.<\/span><\/li>\n<li><span style=\"color: #223b60;\">Dokumentation der Prozesse, Verfahrens- und Arbeitsanweisungen, Formbl\u00e4tter und Vorlagen<\/span><\/li>\n<li><span style=\"color: #223b60;\">Einbeziehung der Mitarbeiter und Erzeugung von Transparenz und Verf\u00fcgbarkeit<\/span><\/li>\n<li><span style=\"color: #223b60;\">Gemeinsame Arbeit der Teams an den Prozessen und der Prozessbeschreibung (Prozessverfahren und Arbeitsanweisungen)<\/span><\/li>\n<li><span style=\"color: #223b60;\">automatische Versionierung der Dokumente<\/span><\/li>\n<li><span style=\"color: #223b60;\">Freigabe der Dokumente in confluence durch die Gesch\u00e4ftsf\u00fchrung<\/span><\/li>\n<li><span style=\"color: #223b60;\">Verlinkung der Inhalte in confluence untereinander<\/span><\/li>\n<\/ul>\n<\/div>\n<\/div>\n<\/div>\n<\/div>\n<\/div>\n<p><span style=\"color: #223b60;\">\u00a0\u00a0 2. <a style=\"color: #223b60;\" href=\"https:\/\/www.orgavision.com\/\" target=\"_blank\" rel=\"noopener noreferrer\">Orgavision<\/a><\/span><\/p>\n<p><span style=\"color: #223b60;\">Orgavision ist eine cloudbasierte L\u00f6sungen f\u00fcr mittelst\u00e4ndische Unternehmen. Es handelt sich um ein deutsches Unternehmen. Alle Daten befinden sich in deutschen Rechenzentren. Wie confluence k\u00f6nnen auch hier alle Prozesse abgebildet werden. Unsere Berater verwenden Orgavision gern um standortunabh\u00e4ngig gemeinsam an der kontinuierlichen Verbesserung Ihres Managementsystems zu arbeiten.<\/span><\/p>\n<div class=\"vc_row wpb_row vc_inner section vc_row-fluid\">\n<div class=\" full_section_inner clearfix\">\n<div class=\"wpb_column vc_column_container vc_col-sm-6\">\n<div class=\"vc_column-inner\">\n<div class=\"wpb_wrapper\">\n<div class=\"wpb_text_column wpb_content_element \">\n<div class=\"wpb_wrapper\">\n<p><span style=\"color: #223b60;\">Orgavision ist eine umfassende L\u00f6sung f\u00fcr:<\/span><\/p>\n<ul>\n<li><span style=\"color: #223b60;\"> <a style=\"color: #223b60;\" href=\"https:\/\/www.kvinne.de\/externer-datenschutzbeauftragter\/\" target=\"_blank\" rel=\"noopener noreferrer\">Datenschutzmanagementment (DMS)<\/a><\/span><\/li>\n<li><span style=\"color: #223b60;\"><a style=\"color: #223b60;\" href=\"https:\/\/www.kvinne.de\/externer-informationssicherheitsbeauftragter-dresden\/\" target=\"_blank\" rel=\"noopener noreferrer\">Informationsmanagement ISMS,<\/a> <\/span><\/li>\n<li><span style=\"color: #223b60;\">Dokumentenlenkung, <\/span><\/li>\n<li><span style=\"color: #223b60;\">Unternehmensdokumentation <\/span><\/li>\n<li><span style=\"color: #223b60;\">Organisationsentwicklung. <\/span><\/li>\n<\/ul>\n<p><span style=\"color: #223b60;\">Optimiert f\u00fcr die Abbildung von Organisationshandb\u00fcchern, bietet orgavision alle M\u00f6glichkeiten Normen, Regelwerke, wie <a style=\"color: #223b60;\" href=\"https:\/\/www.orgavision.com\/software-qms-iso-9001-2015\" target=\"_blank\" rel=\"noopener noreferrer\">ISO 9001,<\/a> ISO 27001, <a style=\"color: #223b60;\" href=\"https:\/\/www.orgavision.com\/software-energiemanagement\/\">ISO 50001<\/a> in einer Software abzubilden.\u00a0<\/span><\/p>\n<\/div>\n<\/div>\n<\/div>\n<\/div>\n<\/div>\n<div class=\"wpb_column vc_column_container vc_col-sm-6\">\n<div class=\"vc_column-inner\">\n<div class=\"wpb_wrapper\">\n<div class=\"wpb_text_column wpb_content_element \">\n<div class=\"wpb_wrapper\">\n<p><span style=\"color: #223b60;\">Als integriertes Managementsystem (IMS) ist orgavision ein wahres Multitalent.<\/span><br \/><span style=\"color: #223b60;\">Die Software unterst\u00fctzt Sie dabei Qualit\u00e4t und Prozesse in Ihrer Organisation zu verankern und Wissen zu speichern.<\/span><\/p>\n<\/div>\n<\/div>\n<\/div>\n<\/div>\n<\/div>\n<\/div>\n<\/div>\n<p><span style=\"color: #223b60;\">Weitere Informationen erhalten Sie bei unter:<\/span><\/p>\n<p><span style=\"color: #223b60;\">Email: <a style=\"color: #223b60;\" href=\"mailto:info@kvinne.de\">info [@] kvinne.de<\/a><\/span><br \/><span style=\"color: #223b60;\">Tel: <a style=\"color: #223b60;\" title=\"\" href=\"tel:+4935121971182\">+49.351.21971182<\/a><\/span><\/p>\n<p><span style=\"color: #223b60;\">Wir freuen uns auf Ihre Nachricht!<\/span><\/p>\n<p><a href=\"https:\/\/www.kvinne.de\/externer-datenschutzbeauftragter\/\" target=\"_blank\" rel=\"noopener noreferrer\">Auch interessant!<\/a><\/p>\n<p>\u00a0<\/p>\n\n\n<figure class=\"wp-block-image is-resized\"><img loading=\"lazy\" decoding=\"async\" width=\"1024\" height=\"702\" src=\"https:\/\/www.kvinne.de\/wp-content\/uploads\/2019\/06\/beverages-break-caffeine-630831-1024x702.jpg\" alt=\"Datenschutzmanagemensystem\" class=\"wp-image-808\" style=\"width:256px;height:176px\" srcset=\"https:\/\/www.kvinne.de\/wp-content\/uploads\/2019\/06\/beverages-break-caffeine-630831-1024x702.jpg 1024w, https:\/\/www.kvinne.de\/wp-content\/uploads\/2019\/06\/beverages-break-caffeine-630831-300x206.jpg 300w, https:\/\/www.kvinne.de\/wp-content\/uploads\/2019\/06\/beverages-break-caffeine-630831-768x526.jpg 768w\" sizes=\"auto, (max-width: 1024px) 100vw, 1024px\" \/><\/figure>\n\n\n\n<p>&nbsp;<\/p>\n\n\n\n<p>&nbsp;<\/p>\n\n\n\n<p>&nbsp;<\/p>\n","protected":false},"excerpt":{"rendered":"<p>Die Einf\u00fchrung der ISO 27001 und der EU DSGVO erfordert ein Managementsystem,\u00a0 welches Anweisungen und Prozesse f\u00fcr die Mitarbeiter festlegt. Die Zeiten in denen Organisationshandb\u00fccher gedruckt wurden sind jedoch l\u00e4ngst Geschichte.\u00a0 Mit einem digitalen Managementsystem sind Sie nah am Mitarbeiter und das System beginnt zu leben. Unsere Berater arbeiten mit confluence von Atlassian oder Orgavision &#8230; <a title=\"Digital management system\" class=\"read-more\" href=\"https:\/\/www.kvinne.de\/en\/digitales-managementsystem-dresden\/\" aria-label=\"Read more about Digitales Managementsystem\">Read more<\/a><\/p>","protected":false},"author":1,"featured_media":877,"parent":0,"menu_order":0,"comment_status":"closed","ping_status":"closed","template":"","meta":{"footnotes":""},"class_list":["post-283","page","type-page","status-publish","has-post-thumbnail"],"yoast_head":"<!-- This site is optimized with the Yoast SEO plugin v27.5 - https:\/\/yoast.com\/product\/yoast-seo-wordpress\/ -->\n<title>Digitales Managementsystem Dresden - KVINNE GmbH<\/title>\n<meta name=\"description\" content=\"Ein neues digitales Managementsystem f\u00fcr Ihr Unternehmen. Die KVINNE GmbH als Beratungshaus f\u00fcr mittelst\u00e4ndische Unternehmen in Dresden.\" \/>\n<meta name=\"robots\" content=\"index, follow, max-snippet:-1, max-image-preview:large, max-video-preview:-1\" \/>\n<link rel=\"canonical\" href=\"https:\/\/www.kvinne.de\/en\/digitales-managementsystem-dresden\/\" \/>\n<meta property=\"og:locale\" content=\"en_US\" \/>\n<meta property=\"og:type\" content=\"article\" \/>\n<meta property=\"og:title\" content=\"Digitales Managementsystem Dresden - KVINNE GmbH\" \/>\n<meta property=\"og:description\" content=\"Ein neues digitales Managementsystem f\u00fcr Ihr Unternehmen. Die KVINNE GmbH als Beratungshaus f\u00fcr mittelst\u00e4ndische Unternehmen in Dresden.\" \/>\n<meta property=\"og:url\" content=\"https:\/\/www.kvinne.de\/en\/digitales-managementsystem-dresden\/\" \/>\n<meta property=\"og:site_name\" content=\"KVINNE GmbH\" \/>\n<meta property=\"article:modified_time\" content=\"2024-09-18T10:24:02+00:00\" \/>\n<meta property=\"og:image\" content=\"https:\/\/www.kvinne.de\/wp-content\/uploads\/2019\/08\/handshake-3382503_640.jpg\" \/>\n\t<meta property=\"og:image:width\" content=\"640\" \/>\n\t<meta property=\"og:image:height\" content=\"378\" \/>\n\t<meta property=\"og:image:type\" content=\"image\/jpeg\" \/>\n<meta name=\"twitter:card\" content=\"summary_large_image\" \/>\n<meta name=\"twitter:label1\" content=\"Est. reading time\" \/>\n\t<meta name=\"twitter:data1\" content=\"3 minutes\" \/>\n<script type=\"application\/ld+json\" class=\"yoast-schema-graph\">{\"@context\":\"https:\\\/\\\/schema.org\",\"@graph\":[{\"@type\":\"WebPage\",\"@id\":\"https:\\\/\\\/www.kvinne.de\\\/digitales-managementsystem-dresden\\\/\",\"url\":\"https:\\\/\\\/www.kvinne.de\\\/digitales-managementsystem-dresden\\\/\",\"name\":\"Digitales Managementsystem Dresden - KVINNE GmbH\",\"isPartOf\":{\"@id\":\"https:\\\/\\\/www.kvinne.de\\\/#website\"},\"primaryImageOfPage\":{\"@id\":\"https:\\\/\\\/www.kvinne.de\\\/digitales-managementsystem-dresden\\\/#primaryimage\"},\"image\":{\"@id\":\"https:\\\/\\\/www.kvinne.de\\\/digitales-managementsystem-dresden\\\/#primaryimage\"},\"thumbnailUrl\":\"https:\\\/\\\/www.kvinne.de\\\/wp-content\\\/uploads\\\/2019\\\/08\\\/handshake-3382503_640.jpg\",\"datePublished\":\"2018-10-05T10:10:08+00:00\",\"dateModified\":\"2024-09-18T10:24:02+00:00\",\"description\":\"Ein neues digitales Managementsystem f\u00fcr Ihr Unternehmen. Die KVINNE GmbH als Beratungshaus f\u00fcr mittelst\u00e4ndische Unternehmen in Dresden.\",\"breadcrumb\":{\"@id\":\"https:\\\/\\\/www.kvinne.de\\\/digitales-managementsystem-dresden\\\/#breadcrumb\"},\"inLanguage\":\"en-US\",\"potentialAction\":[{\"@type\":\"ReadAction\",\"target\":[\"https:\\\/\\\/www.kvinne.de\\\/digitales-managementsystem-dresden\\\/\"]}]},{\"@type\":\"ImageObject\",\"inLanguage\":\"en-US\",\"@id\":\"https:\\\/\\\/www.kvinne.de\\\/digitales-managementsystem-dresden\\\/#primaryimage\",\"url\":\"https:\\\/\\\/www.kvinne.de\\\/wp-content\\\/uploads\\\/2019\\\/08\\\/handshake-3382503_640.jpg\",\"contentUrl\":\"https:\\\/\\\/www.kvinne.de\\\/wp-content\\\/uploads\\\/2019\\\/08\\\/handshake-3382503_640.jpg\",\"width\":640,\"height\":378,\"caption\":\"digitales Managementsystem\"},{\"@type\":\"BreadcrumbList\",\"@id\":\"https:\\\/\\\/www.kvinne.de\\\/digitales-managementsystem-dresden\\\/#breadcrumb\",\"itemListElement\":[{\"@type\":\"ListItem\",\"position\":1,\"name\":\"Startseite\",\"item\":\"https:\\\/\\\/www.kvinne.de\\\/\"},{\"@type\":\"ListItem\",\"position\":2,\"name\":\"Digitales Managementsystem\"}]},{\"@type\":\"WebSite\",\"@id\":\"https:\\\/\\\/www.kvinne.de\\\/#website\",\"url\":\"https:\\\/\\\/www.kvinne.de\\\/\",\"name\":\"KVINNE GmbH\",\"description\":\"Datenschutz und Informationssicherheit\",\"publisher\":{\"@id\":\"https:\\\/\\\/www.kvinne.de\\\/#organization\"},\"potentialAction\":[{\"@type\":\"SearchAction\",\"target\":{\"@type\":\"EntryPoint\",\"urlTemplate\":\"https:\\\/\\\/www.kvinne.de\\\/?s={search_term_string}\"},\"query-input\":{\"@type\":\"PropertyValueSpecification\",\"valueRequired\":true,\"valueName\":\"search_term_string\"}}],\"inLanguage\":\"en-US\"},{\"@type\":\"Organization\",\"@id\":\"https:\\\/\\\/www.kvinne.de\\\/#organization\",\"name\":\"KVINNE GmbH Datenschutz & Dgitalberatung\",\"alternateName\":\"KVINNE\",\"url\":\"https:\\\/\\\/www.kvinne.de\\\/\",\"logo\":{\"@type\":\"ImageObject\",\"inLanguage\":\"en-US\",\"@id\":\"https:\\\/\\\/www.kvinne.de\\\/#\\\/schema\\\/logo\\\/image\\\/\",\"url\":\"https:\\\/\\\/www.kvinne.de\\\/wp-content\\\/uploads\\\/2018\\\/07\\\/Logo-transparenter-Hintergrund-extra-Schloss-klein.png\",\"contentUrl\":\"https:\\\/\\\/www.kvinne.de\\\/wp-content\\\/uploads\\\/2018\\\/07\\\/Logo-transparenter-Hintergrund-extra-Schloss-klein.png\",\"width\":150,\"height\":183,\"caption\":\"KVINNE GmbH Datenschutz & Dgitalberatung\"},\"image\":{\"@id\":\"https:\\\/\\\/www.kvinne.de\\\/#\\\/schema\\\/logo\\\/image\\\/\"},\"sameAs\":[\"https:\\\/\\\/www.linkedin.com\\\/company\\\/kvinne-gmbh\\\/\"]}]}<\/script>\n<!-- \/ Yoast SEO plugin. -->","yoast_head_json":{"title":"Digitales Managementsystem Dresden - KVINNE GmbH","description":"Ein neues digitales Managementsystem f\u00fcr Ihr Unternehmen. Die KVINNE GmbH als Beratungshaus f\u00fcr mittelst\u00e4ndische Unternehmen in Dresden.","robots":{"index":"index","follow":"follow","max-snippet":"max-snippet:-1","max-image-preview":"max-image-preview:large","max-video-preview":"max-video-preview:-1"},"canonical":"https:\/\/www.kvinne.de\/en\/digitales-managementsystem-dresden\/","og_locale":"en_US","og_type":"article","og_title":"Digitales Managementsystem Dresden - KVINNE GmbH","og_description":"Ein neues digitales Managementsystem f\u00fcr Ihr Unternehmen. Die KVINNE GmbH als Beratungshaus f\u00fcr mittelst\u00e4ndische Unternehmen in Dresden.","og_url":"https:\/\/www.kvinne.de\/en\/digitales-managementsystem-dresden\/","og_site_name":"KVINNE GmbH","article_modified_time":"2024-09-18T10:24:02+00:00","og_image":[{"width":640,"height":378,"url":"https:\/\/www.kvinne.de\/wp-content\/uploads\/2019\/08\/handshake-3382503_640.jpg","type":"image\/jpeg"}],"twitter_card":"summary_large_image","twitter_misc":{"Est. reading time":"3 minutes"},"schema":{"@context":"https:\/\/schema.org","@graph":[{"@type":"WebPage","@id":"https:\/\/www.kvinne.de\/digitales-managementsystem-dresden\/","url":"https:\/\/www.kvinne.de\/digitales-managementsystem-dresden\/","name":"Digitales Managementsystem Dresden - KVINNE GmbH","isPartOf":{"@id":"https:\/\/www.kvinne.de\/#website"},"primaryImageOfPage":{"@id":"https:\/\/www.kvinne.de\/digitales-managementsystem-dresden\/#primaryimage"},"image":{"@id":"https:\/\/www.kvinne.de\/digitales-managementsystem-dresden\/#primaryimage"},"thumbnailUrl":"https:\/\/www.kvinne.de\/wp-content\/uploads\/2019\/08\/handshake-3382503_640.jpg","datePublished":"2018-10-05T10:10:08+00:00","dateModified":"2024-09-18T10:24:02+00:00","description":"Ein neues digitales Managementsystem f\u00fcr Ihr Unternehmen. Die KVINNE GmbH als Beratungshaus f\u00fcr mittelst\u00e4ndische Unternehmen in Dresden.","breadcrumb":{"@id":"https:\/\/www.kvinne.de\/digitales-managementsystem-dresden\/#breadcrumb"},"inLanguage":"en-US","potentialAction":[{"@type":"ReadAction","target":["https:\/\/www.kvinne.de\/digitales-managementsystem-dresden\/"]}]},{"@type":"ImageObject","inLanguage":"en-US","@id":"https:\/\/www.kvinne.de\/digitales-managementsystem-dresden\/#primaryimage","url":"https:\/\/www.kvinne.de\/wp-content\/uploads\/2019\/08\/handshake-3382503_640.jpg","contentUrl":"https:\/\/www.kvinne.de\/wp-content\/uploads\/2019\/08\/handshake-3382503_640.jpg","width":640,"height":378,"caption":"digitales Managementsystem"},{"@type":"BreadcrumbList","@id":"https:\/\/www.kvinne.de\/digitales-managementsystem-dresden\/#breadcrumb","itemListElement":[{"@type":"ListItem","position":1,"name":"Startseite","item":"https:\/\/www.kvinne.de\/"},{"@type":"ListItem","position":2,"name":"Digitales Managementsystem"}]},{"@type":"WebSite","@id":"https:\/\/www.kvinne.de\/#website","url":"https:\/\/www.kvinne.de\/","name":"KVINNE GmbH","description":"Datenschutz und Informationssicherheit","publisher":{"@id":"https:\/\/www.kvinne.de\/#organization"},"potentialAction":[{"@type":"SearchAction","target":{"@type":"EntryPoint","urlTemplate":"https:\/\/www.kvinne.de\/?s={search_term_string}"},"query-input":{"@type":"PropertyValueSpecification","valueRequired":true,"valueName":"search_term_string"}}],"inLanguage":"en-US"},{"@type":"Organization","@id":"https:\/\/www.kvinne.de\/#organization","name":"KVINNE GmbH Datenschutz & Dgitalberatung","alternateName":"KVINNE","url":"https:\/\/www.kvinne.de\/","logo":{"@type":"ImageObject","inLanguage":"en-US","@id":"https:\/\/www.kvinne.de\/#\/schema\/logo\/image\/","url":"https:\/\/www.kvinne.de\/wp-content\/uploads\/2018\/07\/Logo-transparenter-Hintergrund-extra-Schloss-klein.png","contentUrl":"https:\/\/www.kvinne.de\/wp-content\/uploads\/2018\/07\/Logo-transparenter-Hintergrund-extra-Schloss-klein.png","width":150,"height":183,"caption":"KVINNE GmbH Datenschutz & Dgitalberatung"},"image":{"@id":"https:\/\/www.kvinne.de\/#\/schema\/logo\/image\/"},"sameAs":["https:\/\/www.linkedin.com\/company\/kvinne-gmbh\/"]}]}},"_links":{"self":[{"href":"https:\/\/www.kvinne.de\/en\/wp-json\/wp\/v2\/pages\/283","targetHints":{"allow":["GET"]}}],"collection":[{"href":"https:\/\/www.kvinne.de\/en\/wp-json\/wp\/v2\/pages"}],"about":[{"href":"https:\/\/www.kvinne.de\/en\/wp-json\/wp\/v2\/types\/page"}],"author":[{"embeddable":true,"href":"https:\/\/www.kvinne.de\/en\/wp-json\/wp\/v2\/users\/1"}],"replies":[{"embeddable":true,"href":"https:\/\/www.kvinne.de\/en\/wp-json\/wp\/v2\/comments?post=283"}],"version-history":[{"count":3,"href":"https:\/\/www.kvinne.de\/en\/wp-json\/wp\/v2\/pages\/283\/revisions"}],"predecessor-version":[{"id":2464,"href":"https:\/\/www.kvinne.de\/en\/wp-json\/wp\/v2\/pages\/283\/revisions\/2464"}],"wp:featuredmedia":[{"embeddable":true,"href":"https:\/\/www.kvinne.de\/en\/wp-json\/wp\/v2\/media\/877"}],"wp:attachment":[{"href":"https:\/\/www.kvinne.de\/en\/wp-json\/wp\/v2\/media?parent=283"}],"curies":[{"name":"wp","href":"https:\/\/api.w.org\/{rel}","templated":true}]}}