{"id":24,"date":"2018-05-07T13:44:17","date_gmt":"2018-05-07T11:44:17","guid":{"rendered":"https:\/\/www.acronum.de.w0194bd1.kasserver.com\/?page_id=24"},"modified":"2024-10-21T19:59:44","modified_gmt":"2024-10-21T17:59:44","slug":"impressum","status":"publish","type":"page","link":"https:\/\/www.kvinne.de\/en\/impressum\/","title":{"rendered":"Legal Notice"},"content":{"rendered":"<div class=\"impressum\">\n<p>Datenschutzbeauftragter Dresden<br \/>\n<strong>KVINNE GmbH &#8211; Datenschutz &amp; Digitalberatung<\/strong><br \/>\nGostritzer Stra\u00dfe 61<br \/>\n01217 Dresden<\/p>\n<p>Amtsgericht Dresden HRB 38314<br \/>\nUSt-IdNr. DE322101904<\/p>\n<p><a href=\"https:\/\/www.kvinne.de\/en\/externer-datenschutzbeauftragter-fuer-jessen-elster\/\" target=\"_blank\" rel=\"noopener\">Repr\u00e4sentanz Jessen\/ Elster<\/a><br \/>\nArnsdorfer Str. 53b<br \/>\n06917 Jessen<\/p>\n<p><strong>Vertreten durch: <\/strong><br \/>\nGesch\u00e4ftsf\u00fchrerin Frau Carina Thomas<\/p>\n<p><strong>verantwortliche f\u00fcr den Inhalt der Website \u00a718 Abs. 2 MStV.<br \/>\nFrau Carina Thomas<\/strong><\/p>\n<p><strong>Contact<\/strong><br \/>\nTelephone: +49 351-21971182<br \/>\nE-Mail: <a href=\"mailto:info@kvinne.de\" target=\"_blank\" rel=\"noopener noreferrer\">info@kvinne.de<\/a><br \/>\nLinkedIn: <a href=\"https:\/\/www.linkedin.com\/company\/kvinne-gmbh\/\" target=\"_blank\" rel=\"noopener\">linkedin.com\/company\/kvinne-gmbh\/<\/a><\/p>\n<p><strong>Haftungsausschluss: <\/strong><\/p>\n<p><strong>Haftung f\u00fcr Links<\/strong><\/p>\n<p style=\"text-align: left;\">Unser Angebot enth\u00e4lt Links zu externen Webseiten Dritter, auf deren Inhalte wir keinen Einfluss haben. Deshalb k\u00f6nnen wir f\u00fcr diese fremden Inhalte auch keine Gew\u00e4hr \u00fcbernehmen. F\u00fcr die Inhalte der verlinkten Seiten ist stets der jeweilige Anbieter oder Betreiber der Seiten verantwortlich. Die verlinkten Seiten wurden zum Zeitpunkt der Verlinkung auf m\u00f6gliche Rechtsverst\u00f6\u00dfe \u00fcberpr\u00fcft. Rechtswidrige Inhalte waren zum Zeitpunkt der Verlinkung nicht erkennbar. Eine permanente inhaltliche Kontrolle der verlinkten Seiten ist jedoch ohne konkrete Anhaltspunkte einer Rechtsverletzung nicht zumutbar. Bei Bekanntwerden von Rechtsverletzungen werden wir derartige Links umgehend entfernen.<\/p>\n<p><a href=\"https:\/\/www.kvinne.de\/en\/bildnachweis\/\">Quellangabe Fotos<\/a><\/p>\n<\/div>","protected":false},"excerpt":{"rendered":"<p>Datenschutzbeauftragter Dresden KVINNE GmbH &#8211; Datenschutz &amp; Digitalberatung Gostritzer Stra\u00dfe 61 01217 Dresden Amtsgericht Dresden HRB 38314 USt-IdNr. DE322101904 Repr\u00e4sentanz Jessen\/ Elster Arnsdorfer Str. 53b 06917 Jessen Vertreten durch: Gesch\u00e4ftsf\u00fchrerin Frau Carina Thomas verantwortliche f\u00fcr den Inhalt der Website \u00a718 Abs. 2 MStV. Frau Carina Thomas Kontakt: Telefon: +49 351-21971182 E-Mail: info@kvinne.de LinkedIn: linkedin.com\/company\/kvinne-gmbh\/ Haftungsausschluss: &#8230; <a title=\"Legal Notice\" class=\"read-more\" href=\"https:\/\/www.kvinne.de\/en\/impressum\/\" aria-label=\"Read more about Impressum\">Read more<\/a><\/p>","protected":false},"author":1,"featured_media":0,"parent":0,"menu_order":3,"comment_status":"closed","ping_status":"closed","template":"","meta":{"footnotes":""},"class_list":["post-24","page","type-page","status-publish"],"yoast_head":"<!-- This site is optimized with the Yoast SEO plugin v27.6 - https:\/\/yoast.com\/product\/yoast-seo-wordpress\/ -->\n<title>Impressum - KVINNE GmbH<\/title>\n<meta name=\"description\" content=\"KVINNE GmbH Datenschutz &amp; Digitalberatung Wir betreuen die Standorte Dresden, Pirna, Chemnitz, Leipzig, Hoyerswerda, Lutherstadt Wittenberg, Jessen (Elster)\" \/>\n<meta name=\"robots\" content=\"index, follow, max-snippet:-1, max-image-preview:large, max-video-preview:-1\" \/>\n<link rel=\"canonical\" href=\"https:\/\/www.kvinne.de\/en\/impressum\/\" \/>\n<meta property=\"og:locale\" content=\"en_US\" \/>\n<meta property=\"og:type\" content=\"article\" \/>\n<meta property=\"og:title\" content=\"Impressum - KVINNE GmbH\" \/>\n<meta property=\"og:description\" content=\"KVINNE GmbH Datenschutz &amp; Digitalberatung Wir betreuen die Standorte Dresden, Pirna, Chemnitz, Leipzig, Hoyerswerda, Lutherstadt Wittenberg, Jessen (Elster)\" \/>\n<meta property=\"og:url\" content=\"https:\/\/www.kvinne.de\/en\/impressum\/\" \/>\n<meta property=\"og:site_name\" content=\"KVINNE GmbH\" \/>\n<meta property=\"article:modified_time\" content=\"2024-10-21T17:59:44+00:00\" \/>\n<meta name=\"twitter:card\" content=\"summary_large_image\" \/>\n<meta name=\"twitter:label1\" content=\"Est. reading time\" \/>\n\t<meta name=\"twitter:data1\" content=\"1 minute\" \/>\n<script type=\"application\/ld+json\" class=\"yoast-schema-graph\">{\"@context\":\"https:\\\/\\\/schema.org\",\"@graph\":[{\"@type\":\"WebPage\",\"@id\":\"https:\\\/\\\/www.kvinne.de\\\/impressum\\\/\",\"url\":\"https:\\\/\\\/www.kvinne.de\\\/impressum\\\/\",\"name\":\"Impressum - KVINNE GmbH\",\"isPartOf\":{\"@id\":\"https:\\\/\\\/www.kvinne.de\\\/#website\"},\"datePublished\":\"2018-05-07T11:44:17+00:00\",\"dateModified\":\"2024-10-21T17:59:44+00:00\",\"description\":\"KVINNE GmbH Datenschutz & Digitalberatung Wir betreuen die Standorte Dresden, Pirna, Chemnitz, Leipzig, Hoyerswerda, Lutherstadt Wittenberg, Jessen (Elster)\",\"breadcrumb\":{\"@id\":\"https:\\\/\\\/www.kvinne.de\\\/impressum\\\/#breadcrumb\"},\"inLanguage\":\"en-US\",\"potentialAction\":[{\"@type\":\"ReadAction\",\"target\":[\"https:\\\/\\\/www.kvinne.de\\\/impressum\\\/\"]}]},{\"@type\":\"BreadcrumbList\",\"@id\":\"https:\\\/\\\/www.kvinne.de\\\/impressum\\\/#breadcrumb\",\"itemListElement\":[{\"@type\":\"ListItem\",\"position\":1,\"name\":\"Startseite\",\"item\":\"https:\\\/\\\/www.kvinne.de\\\/\"},{\"@type\":\"ListItem\",\"position\":2,\"name\":\"Impressum\"}]},{\"@type\":\"WebSite\",\"@id\":\"https:\\\/\\\/www.kvinne.de\\\/#website\",\"url\":\"https:\\\/\\\/www.kvinne.de\\\/\",\"name\":\"KVINNE GmbH\",\"description\":\"Datenschutz und Informationssicherheit\",\"publisher\":{\"@id\":\"https:\\\/\\\/www.kvinne.de\\\/#organization\"},\"potentialAction\":[{\"@type\":\"SearchAction\",\"target\":{\"@type\":\"EntryPoint\",\"urlTemplate\":\"https:\\\/\\\/www.kvinne.de\\\/?s={search_term_string}\"},\"query-input\":{\"@type\":\"PropertyValueSpecification\",\"valueRequired\":true,\"valueName\":\"search_term_string\"}}],\"inLanguage\":\"en-US\"},{\"@type\":\"Organization\",\"@id\":\"https:\\\/\\\/www.kvinne.de\\\/#organization\",\"name\":\"KVINNE GmbH Datenschutz & Dgitalberatung\",\"alternateName\":\"KVINNE\",\"url\":\"https:\\\/\\\/www.kvinne.de\\\/\",\"logo\":{\"@type\":\"ImageObject\",\"inLanguage\":\"en-US\",\"@id\":\"https:\\\/\\\/www.kvinne.de\\\/#\\\/schema\\\/logo\\\/image\\\/\",\"url\":\"https:\\\/\\\/www.kvinne.de\\\/wp-content\\\/uploads\\\/2018\\\/07\\\/Logo-transparenter-Hintergrund-extra-Schloss-klein.png\",\"contentUrl\":\"https:\\\/\\\/www.kvinne.de\\\/wp-content\\\/uploads\\\/2018\\\/07\\\/Logo-transparenter-Hintergrund-extra-Schloss-klein.png\",\"width\":150,\"height\":183,\"caption\":\"KVINNE GmbH Datenschutz & Dgitalberatung\"},\"image\":{\"@id\":\"https:\\\/\\\/www.kvinne.de\\\/#\\\/schema\\\/logo\\\/image\\\/\"},\"sameAs\":[\"https:\\\/\\\/www.linkedin.com\\\/company\\\/kvinne-gmbh\\\/\"]}]}<\/script>\n<!-- \/ Yoast SEO plugin. -->","yoast_head_json":{"title":"Impressum - KVINNE GmbH","description":"KVINNE GmbH Datenschutz & Digitalberatung Wir betreuen die Standorte Dresden, Pirna, Chemnitz, Leipzig, Hoyerswerda, Lutherstadt Wittenberg, Jessen (Elster)","robots":{"index":"index","follow":"follow","max-snippet":"max-snippet:-1","max-image-preview":"max-image-preview:large","max-video-preview":"max-video-preview:-1"},"canonical":"https:\/\/www.kvinne.de\/en\/impressum\/","og_locale":"en_US","og_type":"article","og_title":"Impressum - KVINNE GmbH","og_description":"KVINNE GmbH Datenschutz & Digitalberatung Wir betreuen die Standorte Dresden, Pirna, Chemnitz, Leipzig, Hoyerswerda, Lutherstadt Wittenberg, Jessen (Elster)","og_url":"https:\/\/www.kvinne.de\/en\/impressum\/","og_site_name":"KVINNE GmbH","article_modified_time":"2024-10-21T17:59:44+00:00","twitter_card":"summary_large_image","twitter_misc":{"Est. reading time":"1 minute"},"schema":{"@context":"https:\/\/schema.org","@graph":[{"@type":"WebPage","@id":"https:\/\/www.kvinne.de\/impressum\/","url":"https:\/\/www.kvinne.de\/impressum\/","name":"Impressum - KVINNE GmbH","isPartOf":{"@id":"https:\/\/www.kvinne.de\/#website"},"datePublished":"2018-05-07T11:44:17+00:00","dateModified":"2024-10-21T17:59:44+00:00","description":"KVINNE GmbH Datenschutz & Digitalberatung Wir betreuen die Standorte Dresden, Pirna, Chemnitz, Leipzig, Hoyerswerda, Lutherstadt Wittenberg, Jessen (Elster)","breadcrumb":{"@id":"https:\/\/www.kvinne.de\/impressum\/#breadcrumb"},"inLanguage":"en-US","potentialAction":[{"@type":"ReadAction","target":["https:\/\/www.kvinne.de\/impressum\/"]}]},{"@type":"BreadcrumbList","@id":"https:\/\/www.kvinne.de\/impressum\/#breadcrumb","itemListElement":[{"@type":"ListItem","position":1,"name":"Startseite","item":"https:\/\/www.kvinne.de\/"},{"@type":"ListItem","position":2,"name":"Impressum"}]},{"@type":"WebSite","@id":"https:\/\/www.kvinne.de\/#website","url":"https:\/\/www.kvinne.de\/","name":"KVINNE GmbH","description":"Datenschutz und Informationssicherheit","publisher":{"@id":"https:\/\/www.kvinne.de\/#organization"},"potentialAction":[{"@type":"SearchAction","target":{"@type":"EntryPoint","urlTemplate":"https:\/\/www.kvinne.de\/?s={search_term_string}"},"query-input":{"@type":"PropertyValueSpecification","valueRequired":true,"valueName":"search_term_string"}}],"inLanguage":"en-US"},{"@type":"Organization","@id":"https:\/\/www.kvinne.de\/#organization","name":"KVINNE GmbH Datenschutz & Dgitalberatung","alternateName":"KVINNE","url":"https:\/\/www.kvinne.de\/","logo":{"@type":"ImageObject","inLanguage":"en-US","@id":"https:\/\/www.kvinne.de\/#\/schema\/logo\/image\/","url":"https:\/\/www.kvinne.de\/wp-content\/uploads\/2018\/07\/Logo-transparenter-Hintergrund-extra-Schloss-klein.png","contentUrl":"https:\/\/www.kvinne.de\/wp-content\/uploads\/2018\/07\/Logo-transparenter-Hintergrund-extra-Schloss-klein.png","width":150,"height":183,"caption":"KVINNE GmbH Datenschutz & Dgitalberatung"},"image":{"@id":"https:\/\/www.kvinne.de\/#\/schema\/logo\/image\/"},"sameAs":["https:\/\/www.linkedin.com\/company\/kvinne-gmbh\/"]}]}},"_links":{"self":[{"href":"https:\/\/www.kvinne.de\/en\/wp-json\/wp\/v2\/pages\/24","targetHints":{"allow":["GET"]}}],"collection":[{"href":"https:\/\/www.kvinne.de\/en\/wp-json\/wp\/v2\/pages"}],"about":[{"href":"https:\/\/www.kvinne.de\/en\/wp-json\/wp\/v2\/types\/page"}],"author":[{"embeddable":true,"href":"https:\/\/www.kvinne.de\/en\/wp-json\/wp\/v2\/users\/1"}],"replies":[{"embeddable":true,"href":"https:\/\/www.kvinne.de\/en\/wp-json\/wp\/v2\/comments?post=24"}],"version-history":[{"count":3,"href":"https:\/\/www.kvinne.de\/en\/wp-json\/wp\/v2\/pages\/24\/revisions"}],"predecessor-version":[{"id":2480,"href":"https:\/\/www.kvinne.de\/en\/wp-json\/wp\/v2\/pages\/24\/revisions\/2480"}],"wp:attachment":[{"href":"https:\/\/www.kvinne.de\/en\/wp-json\/wp\/v2\/media?parent=24"}],"curies":[{"name":"wp","href":"https:\/\/api.w.org\/{rel}","templated":true}]}}