{"id":2206,"date":"2024-01-04T14:18:46","date_gmt":"2024-01-04T13:18:46","guid":{"rendered":"https:\/\/www.kvinne.de\/?page_id=2206"},"modified":"2025-12-04T13:50:33","modified_gmt":"2025-12-04T12:50:33","slug":"nis-2-alles-wissenwerte","status":"publish","type":"page","link":"https:\/\/www.kvinne.de\/en\/nis-2-alles-wissenwerte\/","title":{"rendered":"NIS-2 review \/ implementation"},"content":{"rendered":"<p><img loading=\"lazy\" decoding=\"async\" class=\"alignleft size-thumbnail wp-image-3006\" src=\"https:\/\/www.kvinne.de\/wp-content\/uploads\/2025\/12\/NIS2-richtlinie-150x150.png\" alt=\"\" width=\"150\" height=\"150\" srcset=\"https:\/\/www.kvinne.de\/wp-content\/uploads\/2025\/12\/NIS2-richtlinie-150x150.png 150w, https:\/\/www.kvinne.de\/wp-content\/uploads\/2025\/12\/NIS2-richtlinie-300x300.png 300w, https:\/\/www.kvinne.de\/wp-content\/uploads\/2025\/12\/NIS2-richtlinie-12x12.png 12w, https:\/\/www.kvinne.de\/wp-content\/uploads\/2025\/12\/NIS2-richtlinie.png 400w\" sizes=\"auto, (max-width: 150px) 100vw, 150px\" \/><\/p>\r\n<p>Important information about the NIS-2 Directive for your company and institutions.<\/p>\r\n\r\n\r\n\r\n\r\n\r\n<p class=\"translation-block\">Since the publication of the NIS-2 Directive, also known as \u201cThe Network and Information Security (NIS) Directive,\u201d in the EU Official Journal on December 27, 2022, and its entry into force on January 16, 2023, companies and institutions have been facing new challenges in cyber and information security. All EU member states must transpose this directive into national law by October 2024. In Germany, a draft law from the Federal Ministry of the Interior, known as the <a href=\"https:\/\/www.bmi.bund.de\/SharedDocs\/gesetzgebungsverfahren\/DE\/nis2umsucg.html\" target=\"_blank\" rel=\"noreferrer noopener\">NIS-2 Implementation and Cybersecurity Strengthening Act<\/a> (NIS-2UmsuCG), has been in place since July 2023.<\/p>\r\n\r\n\r\n\r\n<p>With the NIS-2 Directive, your company faces expanded cybersecurity requirements and stricter sanctions to standardize and enhance the security level across member states. You are expected to thoroughly engage with cyber risk management, monitoring and control, as well as incident handling and maintaining business continuity. The directive also broadens the scope of affected organizations and introduces stricter liability rules for management.<\/p>\r\n\r\n\r\n\r\n<p>As a company, you now face the challenge of addressing these new requirements. Our consulting firm offers comprehensive support in implementing and adapting to the NIS-2 Directive. With our expertise in cyber and information security, we are your ideal partner to efficiently and timely meet the NIS-2 requirements. We help you minimize risks and strengthen your company's resilience.<\/p>\r\n\r\n\r\n\r\n<p><strong>How can we assist you? An overview of our services:<\/strong><\/p>\r\n\r\n\r\n\r\n<ul class=\"wp-block-list\">\r\n<li><strong>Pr\u00fcfung der Anwendbarkeit des NIS-2-Gesetzes auf Ihr Unternehmen<\/strong>:\r\n<ul class=\"wp-block-list\">\r\n<li>Wir analysieren, inwieweit die NIS-2-Richtlinie auf Ihr Unternehmen zutrifft.<\/li>\r\n\r\n\r\n\r\n<li>Durchf\u00fchrung einer detaillierten Bewertung Ihrer Gesch\u00e4ftsprozesse und IT-Infrastruktur im Hinblick auf die NIS-2-Anforderungen.<br \/><br \/><\/li>\r\n<\/ul>\r\n<\/li>\r\n\r\n\r\n\r\n<li><strong>Branchenspezifisches Know-how<\/strong>:\r\n<ul class=\"wp-block-list\">\r\n<li>Bereitstellung von Expertenwissen, das speziell auf Ihre Branche zugeschnitten ist.<\/li>\r\n\r\n\r\n\r\n<li>Einsatz von Branchen-Insights zur Identifizierung spezifischer Risiken und zur Entwicklung ma\u00dfgeschneiderter Sicherheitsstrategien.<\/li>\r\n\r\n\r\n\r\n<li>Nutzen Sie unser weitreichendes Netzwerk von Cybersicherheitsexperten und Compliance-Spezialisten auf der ganzen Welt.<\/li>\r\n\r\n\r\n\r\n<li>Profitieren Sie von globalen Perspektiven und Best Practices im Bereich der Cybersicherheit und Compliance<strong><br \/><\/strong><\/li>\r\n<\/ul>\r\n<\/li>\r\n<li><strong>NIS-2 Pflichtschulung f\u00fcr die Gesch\u00e4ftsleitung<\/strong><br \/>\r\n<ul class=\"wp-block-list\">\r\n<li><strong>Grundlagen vermitteln<\/strong> \u2013 \u00dcberblick \u00fcber NIS-2, nationale Umsetzung, Pflichten, Haftung und Rollenverst\u00e4ndnis.<\/li>\r\n<li><strong>Risiken verstehen<\/strong> \u2013 Bedrohungen, Schwachstellen, Assets erkennen und die Auswirkungen bewerten k\u00f6nnen.<\/li>\r\n<li><strong>Risikomanagement kennen<\/strong> \u2013 Mindestma\u00dfnahmen, organisatorische und technische Schutzma\u00dfnahmen, Strategien zur Risikobehandlung.<\/li>\r\n\r\n\r\n\r\n\r\n\r\n<li><strong>Rahmenpflichten einordnen<\/strong> \u2013 Meldepflichten, Registrierung, Dokumentation und regelm\u00e4\u00dfige \u00dcberpr\u00fcfung.<\/li>\r\n<li>Nutzen Sie unser weitreichendes Netzwerk von Cybersicherheitsexperten und Compliance-Spezialisten auf der ganzen Welt.<\/li>\r\n\r\n\r\n\r\n<li><strong>Praxis st\u00e4rken<\/strong> \u2013 Branchenspezifische Anforderungen, Szenarien, \u00dcbungen und Fallstudien zur Entscheidungsf\u00e4higkeit.<\/li>\r\n<\/ul>\r\n<\/li>\r\n\r\n\r\n\r\n<li><strong>Zugang zu einem internationalen Netzwerk<\/strong>:\r\n<ul class=\"wp-block-list\">\r\n<li>Unser Ziel ist es, Ihr Unternehmen umfassend zu unterst\u00fctzen, damit Sie die Anforderungen der NIS-2-Richtlinie effektiv erf\u00fcllen und gleichzeitig Ihre Gesch\u00e4ftsprozesse optimieren k\u00f6nnen. Mit unserer Expertise und unseren Ressourcen sind wir bestens aufgestellt, um Sie durch die komplexen Herausforderungen der Cybersicherheitscompliance zu navigieren.<\/li>\r\n<\/ul>\r\n<\/li>\r\n<\/ul>\r\n\r\n\r\n\r\n<p class=\"translation-block\"><a href=\"https:\/\/www.kvinne.de\/en\/kontakt\/\" target=\"_self\">Contact<\/a> us for personalized consulting and learn how we can guide your company toward NIS-2 compliance.<\/p>","protected":false},"excerpt":{"rendered":"<p>Wichtige Informationen zur NIS-2-Richtlinie f\u00fcr Ihr Unternehmen und Institutionen. Seit der Ver\u00f6ffentlichung der NIS-2-Richtlinie, auch bekannt als \u201eThe Network and Information Security (NIS) Directive\u201c, am 27. Dezember 2022 im EU-Amtsblatt und ihrem Inkrafttreten am 16. Januar 2023, stehen Unternehmen und Institutionen vor neuen Herausforderungen in der Cyber- und Informationssicherheit. Alle EU-Mitgliedsstaaten m\u00fcssen diese Richtlinie bis &#8230; <a title=\"NIS-2 review \/ implementation\" class=\"read-more\" href=\"https:\/\/www.kvinne.de\/en\/nis-2-alles-wissenwerte\/\" aria-label=\"Read more about NIS-2 Pr\u00fcfung \/ Umsetzung\">Read more<\/a><\/p>","protected":false},"author":1,"featured_media":0,"parent":0,"menu_order":0,"comment_status":"closed","ping_status":"closed","template":"","meta":{"footnotes":""},"class_list":["post-2206","page","type-page","status-publish"],"yoast_head":"<!-- This site is optimized with the Yoast SEO plugin v27.5 - https:\/\/yoast.com\/product\/yoast-seo-wordpress\/ -->\n<title>NIS-2 Pr\u00fcfung \/ Umsetzung - KVINNE GmbH<\/title>\n<meta name=\"description\" content=\"Seit der Ver\u00f6ffentlichung der NIS-2-Richtlinie, auch bekannt als \u201eThe Network and Information Security (NIS) Directive\u201c, am 27. Dezember 2022 im EU-Amtsblatt und ihrem Inkrafttreten am 16. Januar 2023, stehen Unternehmen und Institutionen vor neuen Herausforderungen in der Cyber- und Informationssicherheit.\" \/>\n<meta name=\"robots\" content=\"index, follow, max-snippet:-1, max-image-preview:large, max-video-preview:-1\" \/>\n<link rel=\"canonical\" href=\"https:\/\/www.kvinne.de\/en\/nis-2-alles-wissenwerte\/\" \/>\n<meta property=\"og:locale\" content=\"en_US\" \/>\n<meta property=\"og:type\" content=\"article\" \/>\n<meta property=\"og:title\" content=\"NIS-2 Pr\u00fcfung \/ Umsetzung - KVINNE GmbH\" \/>\n<meta property=\"og:description\" content=\"Seit der Ver\u00f6ffentlichung der NIS-2-Richtlinie, auch bekannt als \u201eThe Network and Information Security (NIS) Directive\u201c, am 27. Dezember 2022 im EU-Amtsblatt und ihrem Inkrafttreten am 16. Januar 2023, stehen Unternehmen und Institutionen vor neuen Herausforderungen in der Cyber- und Informationssicherheit.\" \/>\n<meta property=\"og:url\" content=\"https:\/\/www.kvinne.de\/en\/nis-2-alles-wissenwerte\/\" \/>\n<meta property=\"og:site_name\" content=\"KVINNE GmbH\" \/>\n<meta property=\"article:modified_time\" content=\"2025-12-04T12:50:33+00:00\" \/>\n<meta property=\"og:image\" content=\"https:\/\/www.kvinne.de\/wp-content\/uploads\/2025\/12\/NIS2-richtlinie.png\" \/>\n\t<meta property=\"og:image:width\" content=\"400\" \/>\n\t<meta property=\"og:image:height\" content=\"400\" \/>\n\t<meta property=\"og:image:type\" content=\"image\/png\" \/>\n<meta name=\"twitter:card\" content=\"summary_large_image\" \/>\n<meta name=\"twitter:label1\" content=\"Est. reading time\" \/>\n\t<meta name=\"twitter:data1\" content=\"3 minutes\" \/>\n<script type=\"application\/ld+json\" class=\"yoast-schema-graph\">{\"@context\":\"https:\\\/\\\/schema.org\",\"@graph\":[{\"@type\":\"WebPage\",\"@id\":\"https:\\\/\\\/www.kvinne.de\\\/nis-2-alles-wissenwerte\\\/\",\"url\":\"https:\\\/\\\/www.kvinne.de\\\/nis-2-alles-wissenwerte\\\/\",\"name\":\"NIS-2 Pr\u00fcfung \\\/ Umsetzung - KVINNE GmbH\",\"isPartOf\":{\"@id\":\"https:\\\/\\\/www.kvinne.de\\\/#website\"},\"primaryImageOfPage\":{\"@id\":\"https:\\\/\\\/www.kvinne.de\\\/nis-2-alles-wissenwerte\\\/#primaryimage\"},\"image\":{\"@id\":\"https:\\\/\\\/www.kvinne.de\\\/nis-2-alles-wissenwerte\\\/#primaryimage\"},\"thumbnailUrl\":\"https:\\\/\\\/www.kvinne.de\\\/wp-content\\\/uploads\\\/2025\\\/12\\\/NIS2-richtlinie-150x150.png\",\"datePublished\":\"2024-01-04T13:18:46+00:00\",\"dateModified\":\"2025-12-04T12:50:33+00:00\",\"description\":\"Seit der Ver\u00f6ffentlichung der NIS-2-Richtlinie, auch bekannt als \u201eThe Network and Information Security (NIS) Directive\u201c, am 27. Dezember 2022 im EU-Amtsblatt und ihrem Inkrafttreten am 16. Januar 2023, stehen Unternehmen und Institutionen vor neuen Herausforderungen in der Cyber- und Informationssicherheit.\",\"breadcrumb\":{\"@id\":\"https:\\\/\\\/www.kvinne.de\\\/nis-2-alles-wissenwerte\\\/#breadcrumb\"},\"inLanguage\":\"en-US\",\"potentialAction\":[{\"@type\":\"ReadAction\",\"target\":[\"https:\\\/\\\/www.kvinne.de\\\/nis-2-alles-wissenwerte\\\/\"]}]},{\"@type\":\"ImageObject\",\"inLanguage\":\"en-US\",\"@id\":\"https:\\\/\\\/www.kvinne.de\\\/nis-2-alles-wissenwerte\\\/#primaryimage\",\"url\":\"https:\\\/\\\/www.kvinne.de\\\/wp-content\\\/uploads\\\/2025\\\/12\\\/NIS2-richtlinie-150x150.png\",\"contentUrl\":\"https:\\\/\\\/www.kvinne.de\\\/wp-content\\\/uploads\\\/2025\\\/12\\\/NIS2-richtlinie-150x150.png\"},{\"@type\":\"BreadcrumbList\",\"@id\":\"https:\\\/\\\/www.kvinne.de\\\/nis-2-alles-wissenwerte\\\/#breadcrumb\",\"itemListElement\":[{\"@type\":\"ListItem\",\"position\":1,\"name\":\"Startseite\",\"item\":\"https:\\\/\\\/www.kvinne.de\\\/\"},{\"@type\":\"ListItem\",\"position\":2,\"name\":\"NIS-2 Pr\u00fcfung \\\/ Umsetzung\"}]},{\"@type\":\"WebSite\",\"@id\":\"https:\\\/\\\/www.kvinne.de\\\/#website\",\"url\":\"https:\\\/\\\/www.kvinne.de\\\/\",\"name\":\"KVINNE GmbH\",\"description\":\"Datenschutz und Informationssicherheit\",\"publisher\":{\"@id\":\"https:\\\/\\\/www.kvinne.de\\\/#organization\"},\"potentialAction\":[{\"@type\":\"SearchAction\",\"target\":{\"@type\":\"EntryPoint\",\"urlTemplate\":\"https:\\\/\\\/www.kvinne.de\\\/?s={search_term_string}\"},\"query-input\":{\"@type\":\"PropertyValueSpecification\",\"valueRequired\":true,\"valueName\":\"search_term_string\"}}],\"inLanguage\":\"en-US\"},{\"@type\":\"Organization\",\"@id\":\"https:\\\/\\\/www.kvinne.de\\\/#organization\",\"name\":\"KVINNE GmbH Datenschutz & Dgitalberatung\",\"alternateName\":\"KVINNE\",\"url\":\"https:\\\/\\\/www.kvinne.de\\\/\",\"logo\":{\"@type\":\"ImageObject\",\"inLanguage\":\"en-US\",\"@id\":\"https:\\\/\\\/www.kvinne.de\\\/#\\\/schema\\\/logo\\\/image\\\/\",\"url\":\"https:\\\/\\\/www.kvinne.de\\\/wp-content\\\/uploads\\\/2018\\\/07\\\/Logo-transparenter-Hintergrund-extra-Schloss-klein.png\",\"contentUrl\":\"https:\\\/\\\/www.kvinne.de\\\/wp-content\\\/uploads\\\/2018\\\/07\\\/Logo-transparenter-Hintergrund-extra-Schloss-klein.png\",\"width\":150,\"height\":183,\"caption\":\"KVINNE GmbH Datenschutz & Dgitalberatung\"},\"image\":{\"@id\":\"https:\\\/\\\/www.kvinne.de\\\/#\\\/schema\\\/logo\\\/image\\\/\"},\"sameAs\":[\"https:\\\/\\\/www.linkedin.com\\\/company\\\/kvinne-gmbh\\\/\"]}]}<\/script>\n<!-- \/ Yoast SEO plugin. -->","yoast_head_json":{"title":"NIS-2 Pr\u00fcfung \/ Umsetzung - KVINNE GmbH","description":"Seit der Ver\u00f6ffentlichung der NIS-2-Richtlinie, auch bekannt als \u201eThe Network and Information Security (NIS) Directive\u201c, am 27. Dezember 2022 im EU-Amtsblatt und ihrem Inkrafttreten am 16. Januar 2023, stehen Unternehmen und Institutionen vor neuen Herausforderungen in der Cyber- und Informationssicherheit.","robots":{"index":"index","follow":"follow","max-snippet":"max-snippet:-1","max-image-preview":"max-image-preview:large","max-video-preview":"max-video-preview:-1"},"canonical":"https:\/\/www.kvinne.de\/en\/nis-2-alles-wissenwerte\/","og_locale":"en_US","og_type":"article","og_title":"NIS-2 Pr\u00fcfung \/ Umsetzung - KVINNE GmbH","og_description":"Seit der Ver\u00f6ffentlichung der NIS-2-Richtlinie, auch bekannt als \u201eThe Network and Information Security (NIS) Directive\u201c, am 27. Dezember 2022 im EU-Amtsblatt und ihrem Inkrafttreten am 16. Januar 2023, stehen Unternehmen und Institutionen vor neuen Herausforderungen in der Cyber- und Informationssicherheit.","og_url":"https:\/\/www.kvinne.de\/en\/nis-2-alles-wissenwerte\/","og_site_name":"KVINNE GmbH","article_modified_time":"2025-12-04T12:50:33+00:00","og_image":[{"width":400,"height":400,"url":"https:\/\/www.kvinne.de\/wp-content\/uploads\/2025\/12\/NIS2-richtlinie.png","type":"image\/png"}],"twitter_card":"summary_large_image","twitter_misc":{"Est. reading time":"3 minutes"},"schema":{"@context":"https:\/\/schema.org","@graph":[{"@type":"WebPage","@id":"https:\/\/www.kvinne.de\/nis-2-alles-wissenwerte\/","url":"https:\/\/www.kvinne.de\/nis-2-alles-wissenwerte\/","name":"NIS-2 Pr\u00fcfung \/ Umsetzung - KVINNE GmbH","isPartOf":{"@id":"https:\/\/www.kvinne.de\/#website"},"primaryImageOfPage":{"@id":"https:\/\/www.kvinne.de\/nis-2-alles-wissenwerte\/#primaryimage"},"image":{"@id":"https:\/\/www.kvinne.de\/nis-2-alles-wissenwerte\/#primaryimage"},"thumbnailUrl":"https:\/\/www.kvinne.de\/wp-content\/uploads\/2025\/12\/NIS2-richtlinie-150x150.png","datePublished":"2024-01-04T13:18:46+00:00","dateModified":"2025-12-04T12:50:33+00:00","description":"Seit der Ver\u00f6ffentlichung der NIS-2-Richtlinie, auch bekannt als \u201eThe Network and Information Security (NIS) Directive\u201c, am 27. Dezember 2022 im EU-Amtsblatt und ihrem Inkrafttreten am 16. Januar 2023, stehen Unternehmen und Institutionen vor neuen Herausforderungen in der Cyber- und Informationssicherheit.","breadcrumb":{"@id":"https:\/\/www.kvinne.de\/nis-2-alles-wissenwerte\/#breadcrumb"},"inLanguage":"en-US","potentialAction":[{"@type":"ReadAction","target":["https:\/\/www.kvinne.de\/nis-2-alles-wissenwerte\/"]}]},{"@type":"ImageObject","inLanguage":"en-US","@id":"https:\/\/www.kvinne.de\/nis-2-alles-wissenwerte\/#primaryimage","url":"https:\/\/www.kvinne.de\/wp-content\/uploads\/2025\/12\/NIS2-richtlinie-150x150.png","contentUrl":"https:\/\/www.kvinne.de\/wp-content\/uploads\/2025\/12\/NIS2-richtlinie-150x150.png"},{"@type":"BreadcrumbList","@id":"https:\/\/www.kvinne.de\/nis-2-alles-wissenwerte\/#breadcrumb","itemListElement":[{"@type":"ListItem","position":1,"name":"Startseite","item":"https:\/\/www.kvinne.de\/"},{"@type":"ListItem","position":2,"name":"NIS-2 Pr\u00fcfung \/ Umsetzung"}]},{"@type":"WebSite","@id":"https:\/\/www.kvinne.de\/#website","url":"https:\/\/www.kvinne.de\/","name":"KVINNE GmbH","description":"Datenschutz und Informationssicherheit","publisher":{"@id":"https:\/\/www.kvinne.de\/#organization"},"potentialAction":[{"@type":"SearchAction","target":{"@type":"EntryPoint","urlTemplate":"https:\/\/www.kvinne.de\/?s={search_term_string}"},"query-input":{"@type":"PropertyValueSpecification","valueRequired":true,"valueName":"search_term_string"}}],"inLanguage":"en-US"},{"@type":"Organization","@id":"https:\/\/www.kvinne.de\/#organization","name":"KVINNE GmbH Datenschutz & Dgitalberatung","alternateName":"KVINNE","url":"https:\/\/www.kvinne.de\/","logo":{"@type":"ImageObject","inLanguage":"en-US","@id":"https:\/\/www.kvinne.de\/#\/schema\/logo\/image\/","url":"https:\/\/www.kvinne.de\/wp-content\/uploads\/2018\/07\/Logo-transparenter-Hintergrund-extra-Schloss-klein.png","contentUrl":"https:\/\/www.kvinne.de\/wp-content\/uploads\/2018\/07\/Logo-transparenter-Hintergrund-extra-Schloss-klein.png","width":150,"height":183,"caption":"KVINNE GmbH Datenschutz & Dgitalberatung"},"image":{"@id":"https:\/\/www.kvinne.de\/#\/schema\/logo\/image\/"},"sameAs":["https:\/\/www.linkedin.com\/company\/kvinne-gmbh\/"]}]}},"_links":{"self":[{"href":"https:\/\/www.kvinne.de\/en\/wp-json\/wp\/v2\/pages\/2206","targetHints":{"allow":["GET"]}}],"collection":[{"href":"https:\/\/www.kvinne.de\/en\/wp-json\/wp\/v2\/pages"}],"about":[{"href":"https:\/\/www.kvinne.de\/en\/wp-json\/wp\/v2\/types\/page"}],"author":[{"embeddable":true,"href":"https:\/\/www.kvinne.de\/en\/wp-json\/wp\/v2\/users\/1"}],"replies":[{"embeddable":true,"href":"https:\/\/www.kvinne.de\/en\/wp-json\/wp\/v2\/comments?post=2206"}],"version-history":[{"count":3,"href":"https:\/\/www.kvinne.de\/en\/wp-json\/wp\/v2\/pages\/2206\/revisions"}],"predecessor-version":[{"id":3008,"href":"https:\/\/www.kvinne.de\/en\/wp-json\/wp\/v2\/pages\/2206\/revisions\/3008"}],"wp:attachment":[{"href":"https:\/\/www.kvinne.de\/en\/wp-json\/wp\/v2\/media?parent=2206"}],"curies":[{"name":"wp","href":"https:\/\/api.w.org\/{rel}","templated":true}]}}