{"id":2198,"date":"2024-01-04T14:00:15","date_gmt":"2024-01-04T13:00:15","guid":{"rendered":"https:\/\/www.kvinne.de\/?page_id=2198"},"modified":"2024-01-04T14:38:36","modified_gmt":"2024-01-04T13:38:36","slug":"nis-2-fuer-behoerden","status":"publish","type":"page","link":"https:\/\/www.kvinne.de\/en\/nis-2-fuer-behoerden\/","title":{"rendered":"NIS-2 for public agencies"},"content":{"rendered":"<p>The implementation of the NIS-2 directive by KVINNE GmbH has far-reaching significance for public administration. The NIS-2 Implementation Act serves to enact the EU Directive 2016\/1148, which aims to achieve a high common level of security for network and information systems within the EU<\/p>\n\n\n\n<figure class=\"gb-block-image gb-block-image-fd330b53\"><img loading=\"lazy\" decoding=\"async\" width=\"300\" height=\"300\" class=\"gb-image gb-image-fd330b53 is-style-rounded\" src=\"https:\/\/www.kvinne.de\/wp-content\/uploads\/2024\/01\/DALL\u00b7E-2024-01-04-13.57.14-A-conceptual-illustration-representing-the-NIS-2-Directive-focusing-on-cybersecurity-network-and-information-system-security-within-the-European-Uni-300x300.png\" srcset=\"https:\/\/www.kvinne.de\/wp-content\/uploads\/2024\/01\/DALL\u00b7E-2024-01-04-13.57.14-A-conceptual-illustration-representing-the-NIS-2-Directive-focusing-on-cybersecurity-network-and-information-system-security-within-the-European-Uni-300x300.png 300w, https:\/\/www.kvinne.de\/wp-content\/uploads\/2024\/01\/DALL\u00b7E-2024-01-04-13.57.14-A-conceptual-illustration-representing-the-NIS-2-Directive-focusing-on-cybersecurity-network-and-information-system-security-within-the-European-Uni-150x150.png 150w, https:\/\/www.kvinne.de\/wp-content\/uploads\/2024\/01\/DALL\u00b7E-2024-01-04-13.57.14-A-conceptual-illustration-representing-the-NIS-2-Directive-focusing-on-cybersecurity-network-and-information-system-security-within-the-European-Uni-768x768.png 768w, https:\/\/www.kvinne.de\/wp-content\/uploads\/2024\/01\/DALL\u00b7E-2024-01-04-13.57.14-A-conceptual-illustration-representing-the-NIS-2-Directive-focusing-on-cybersecurity-network-and-information-system-security-within-the-European-Uni.png 1024w\" sizes=\"auto, (max-width: 300px) 100vw, 300px\" \/><\/figure>\n\n\n\n<p>The law strengthens cybersecurity and protects critical infrastructures in Germany. It establishes the legal basis for preserving the integrity and security of digital systems, thereby contributing to Germany\u2019s digital sovereignty. Under the draft, institutions of the federal administration fall under the NIS-2 requirements, which include the following:<\/p>\n\n\n\n<ul class=\"wp-block-list\">\n<li>Every institution of the federal administration must appoint a person responsible for information security and implement measures to ensure information security.<\/li>\n<\/ul>\n\n\n\n<p><strong>Obligations and risks in case of non-compliance:<\/strong><\/p>\n\n\n\n<ul class=\"wp-block-list\">\n<li>The officers responsible for information security are in charge of developing and implementing an information security process as well as creating a security concept in accordance with the BSI IT-Grundschutz standards.<\/li>\n\n\n\n<li>They advise the management of their institution on all matters related to information security and keep them regularly informed.<\/li>\n<\/ul>\n\n\n\n<p><strong>Sanctions:<\/strong><\/p>\n\n\n\n<ul class=\"wp-block-list\">\n<li>A tiered fine system with penalties of up to 20 million EUR is planned, with social security institutions being exempt.<\/li>\n<\/ul>\n\n\n\n<p><strong>Liability of the institution\u2019s management:<\/strong><\/p>\n\n\n\n<ul class=\"wp-block-list\">\n<li>The management of the institution does not bear official liability.<\/li>\n<\/ul>\n\n\n\n<p><strong>Scope of NIS-2 in the federal administration:<\/strong><\/p>\n\n\n\n<ul class=\"wp-block-list\">\n<li>Federal agencies: These include various authorities and organizations at the federal level.<\/li>\n\n\n\n<li>Corporations, institutions, and foundations under public law: These legal entities perform public functions and have various legal forms.<\/li>\n\n\n\n<li>Associations of corporations, institutions, and foundations under public law: This includes organizations or groups of public-law corporations, institutions, and foundations.<\/li>\n\n\n\n<li>Public enterprises that are majority-owned by the federal government and provide IT services for the federal administration.<\/li>\n<\/ul>\n\n\n\n<p><strong>Risk Management<\/strong><\/p>\n\n\n\n<ul class=\"wp-block-list\">\n<li>Affected institutions must take appropriate technical and organizational measures to prevent disruptions to IT security objectives. These measures should be in line with the latest state of the art and follow the BSI IT baseline protection.<\/li>\n<\/ul>\n\n\n\n<p><strong>Combination of NIS-2 with BSI IT baseline protection:<\/strong><\/p>\n\n\n\n<ul class=\"wp-block-list\">\n<li>The NIS-2 Implementation Act provides, among other things, for the use of multi-factor authentication and secure communication systems, which aligns with the requirements of the BSI IT baseline protection.<\/li>\n<\/ul>\n\n\n\n<p><strong>Requirements of NIS-2 for information security management:<\/strong><\/p>\n\n\n\n<ul class=\"wp-block-list\">\n<li>NIS-2 establishes a set of obligations and responsibilities for affected entities to ensure a high level of information security and to minimize risks related to network and information systems. These include the registration of the entity, the appointment of an information security officer, the assurance of information security, and the proof of compliance with the requirements.<\/li>\n<\/ul>\n\n\n\n<p><a href=\"https:\/\/www.kvinne.de\/en\/kontakt\/\">Contact \u2013 KVINNE GmbH Data Protection and Digital Consulting<\/a><\/p>","protected":false},"excerpt":{"rendered":"<p>Die Umsetzung der NIS-2-Richtlinie durch die KVINNE GmbH hat weitreichende Bedeutung f\u00fcr die \u00f6ffentliche Verwaltung. Das NIS-2-Umsetzungsgesetz dient der Implementierung der EU-Richtlinie 2016\/1148, die auf ein hohes gemeinsames Sicherheitsniveau f\u00fcr Netz- und Informationssysteme in der EU abzielt. Das Gesetz verst\u00e4rkt die Cybersicherheit und sch\u00fctzt kritische Infrastrukturen in Deutschland. Es legt die rechtliche Basis f\u00fcr die &#8230; <a title=\"NIS-2 for public agencies\" class=\"read-more\" href=\"https:\/\/www.kvinne.de\/en\/nis-2-fuer-behoerden\/\" aria-label=\"Read more about NIS-2 f\u00fcr Beh\u00f6rden\">Read more<\/a><\/p>","protected":false},"author":1,"featured_media":0,"parent":0,"menu_order":0,"comment_status":"closed","ping_status":"closed","template":"","meta":{"footnotes":""},"class_list":["post-2198","page","type-page","status-publish"],"yoast_head":"<!-- This site is optimized with the Yoast SEO plugin v27.5 - https:\/\/yoast.com\/product\/yoast-seo-wordpress\/ -->\n<title>NIS-2 f\u00fcr Beh\u00f6rden - KVINNE GmbH<\/title>\n<meta name=\"description\" content=\"Die Umsetzung der NIS-2-Richtlinie durch die KVINNE GmbH hat weitreichende Bedeutung f\u00fcr die \u00f6ffentliche Verwaltung.\" \/>\n<meta name=\"robots\" content=\"index, follow, max-snippet:-1, max-image-preview:large, max-video-preview:-1\" \/>\n<link rel=\"canonical\" href=\"https:\/\/www.kvinne.de\/en\/nis-2-fuer-behoerden\/\" \/>\n<meta property=\"og:locale\" content=\"en_US\" \/>\n<meta property=\"og:type\" content=\"article\" \/>\n<meta property=\"og:title\" content=\"NIS-2 f\u00fcr Beh\u00f6rden - KVINNE GmbH\" \/>\n<meta property=\"og:description\" content=\"Die Umsetzung der NIS-2-Richtlinie durch die KVINNE GmbH hat weitreichende Bedeutung f\u00fcr die \u00f6ffentliche Verwaltung.\" \/>\n<meta property=\"og:url\" content=\"https:\/\/www.kvinne.de\/en\/nis-2-fuer-behoerden\/\" \/>\n<meta property=\"og:site_name\" content=\"KVINNE GmbH\" \/>\n<meta property=\"article:modified_time\" content=\"2024-01-04T13:38:36+00:00\" \/>\n<meta name=\"twitter:card\" content=\"summary_large_image\" \/>\n<meta name=\"twitter:label1\" content=\"Est. reading time\" \/>\n\t<meta name=\"twitter:data1\" content=\"3 minutes\" \/>\n<script type=\"application\/ld+json\" class=\"yoast-schema-graph\">{\"@context\":\"https:\\\/\\\/schema.org\",\"@graph\":[{\"@type\":\"WebPage\",\"@id\":\"https:\\\/\\\/www.kvinne.de\\\/nis-2-fuer-behoerden\\\/\",\"url\":\"https:\\\/\\\/www.kvinne.de\\\/nis-2-fuer-behoerden\\\/\",\"name\":\"NIS-2 f\u00fcr Beh\u00f6rden - KVINNE GmbH\",\"isPartOf\":{\"@id\":\"https:\\\/\\\/www.kvinne.de\\\/#website\"},\"datePublished\":\"2024-01-04T13:00:15+00:00\",\"dateModified\":\"2024-01-04T13:38:36+00:00\",\"description\":\"Die Umsetzung der NIS-2-Richtlinie durch die KVINNE GmbH hat weitreichende Bedeutung f\u00fcr die \u00f6ffentliche Verwaltung.\",\"breadcrumb\":{\"@id\":\"https:\\\/\\\/www.kvinne.de\\\/nis-2-fuer-behoerden\\\/#breadcrumb\"},\"inLanguage\":\"en-US\",\"potentialAction\":[{\"@type\":\"ReadAction\",\"target\":[\"https:\\\/\\\/www.kvinne.de\\\/nis-2-fuer-behoerden\\\/\"]}]},{\"@type\":\"BreadcrumbList\",\"@id\":\"https:\\\/\\\/www.kvinne.de\\\/nis-2-fuer-behoerden\\\/#breadcrumb\",\"itemListElement\":[{\"@type\":\"ListItem\",\"position\":1,\"name\":\"Startseite\",\"item\":\"https:\\\/\\\/www.kvinne.de\\\/\"},{\"@type\":\"ListItem\",\"position\":2,\"name\":\"NIS-2 f\u00fcr Beh\u00f6rden\"}]},{\"@type\":\"WebSite\",\"@id\":\"https:\\\/\\\/www.kvinne.de\\\/#website\",\"url\":\"https:\\\/\\\/www.kvinne.de\\\/\",\"name\":\"KVINNE GmbH\",\"description\":\"Datenschutz und Informationssicherheit\",\"publisher\":{\"@id\":\"https:\\\/\\\/www.kvinne.de\\\/#organization\"},\"potentialAction\":[{\"@type\":\"SearchAction\",\"target\":{\"@type\":\"EntryPoint\",\"urlTemplate\":\"https:\\\/\\\/www.kvinne.de\\\/?s={search_term_string}\"},\"query-input\":{\"@type\":\"PropertyValueSpecification\",\"valueRequired\":true,\"valueName\":\"search_term_string\"}}],\"inLanguage\":\"en-US\"},{\"@type\":\"Organization\",\"@id\":\"https:\\\/\\\/www.kvinne.de\\\/#organization\",\"name\":\"KVINNE GmbH Datenschutz & Dgitalberatung\",\"alternateName\":\"KVINNE\",\"url\":\"https:\\\/\\\/www.kvinne.de\\\/\",\"logo\":{\"@type\":\"ImageObject\",\"inLanguage\":\"en-US\",\"@id\":\"https:\\\/\\\/www.kvinne.de\\\/#\\\/schema\\\/logo\\\/image\\\/\",\"url\":\"https:\\\/\\\/www.kvinne.de\\\/wp-content\\\/uploads\\\/2018\\\/07\\\/Logo-transparenter-Hintergrund-extra-Schloss-klein.png\",\"contentUrl\":\"https:\\\/\\\/www.kvinne.de\\\/wp-content\\\/uploads\\\/2018\\\/07\\\/Logo-transparenter-Hintergrund-extra-Schloss-klein.png\",\"width\":150,\"height\":183,\"caption\":\"KVINNE GmbH Datenschutz & Dgitalberatung\"},\"image\":{\"@id\":\"https:\\\/\\\/www.kvinne.de\\\/#\\\/schema\\\/logo\\\/image\\\/\"},\"sameAs\":[\"https:\\\/\\\/www.linkedin.com\\\/company\\\/kvinne-gmbh\\\/\"]}]}<\/script>\n<!-- \/ Yoast SEO plugin. -->","yoast_head_json":{"title":"NIS-2 f\u00fcr Beh\u00f6rden - KVINNE GmbH","description":"Die Umsetzung der NIS-2-Richtlinie durch die KVINNE GmbH hat weitreichende Bedeutung f\u00fcr die \u00f6ffentliche Verwaltung.","robots":{"index":"index","follow":"follow","max-snippet":"max-snippet:-1","max-image-preview":"max-image-preview:large","max-video-preview":"max-video-preview:-1"},"canonical":"https:\/\/www.kvinne.de\/en\/nis-2-fuer-behoerden\/","og_locale":"en_US","og_type":"article","og_title":"NIS-2 f\u00fcr Beh\u00f6rden - KVINNE GmbH","og_description":"Die Umsetzung der NIS-2-Richtlinie durch die KVINNE GmbH hat weitreichende Bedeutung f\u00fcr die \u00f6ffentliche Verwaltung.","og_url":"https:\/\/www.kvinne.de\/en\/nis-2-fuer-behoerden\/","og_site_name":"KVINNE GmbH","article_modified_time":"2024-01-04T13:38:36+00:00","twitter_card":"summary_large_image","twitter_misc":{"Est. reading time":"3 minutes"},"schema":{"@context":"https:\/\/schema.org","@graph":[{"@type":"WebPage","@id":"https:\/\/www.kvinne.de\/nis-2-fuer-behoerden\/","url":"https:\/\/www.kvinne.de\/nis-2-fuer-behoerden\/","name":"NIS-2 f\u00fcr Beh\u00f6rden - KVINNE GmbH","isPartOf":{"@id":"https:\/\/www.kvinne.de\/#website"},"datePublished":"2024-01-04T13:00:15+00:00","dateModified":"2024-01-04T13:38:36+00:00","description":"Die Umsetzung der NIS-2-Richtlinie durch die KVINNE GmbH hat weitreichende Bedeutung f\u00fcr die \u00f6ffentliche Verwaltung.","breadcrumb":{"@id":"https:\/\/www.kvinne.de\/nis-2-fuer-behoerden\/#breadcrumb"},"inLanguage":"en-US","potentialAction":[{"@type":"ReadAction","target":["https:\/\/www.kvinne.de\/nis-2-fuer-behoerden\/"]}]},{"@type":"BreadcrumbList","@id":"https:\/\/www.kvinne.de\/nis-2-fuer-behoerden\/#breadcrumb","itemListElement":[{"@type":"ListItem","position":1,"name":"Startseite","item":"https:\/\/www.kvinne.de\/"},{"@type":"ListItem","position":2,"name":"NIS-2 f\u00fcr Beh\u00f6rden"}]},{"@type":"WebSite","@id":"https:\/\/www.kvinne.de\/#website","url":"https:\/\/www.kvinne.de\/","name":"KVINNE GmbH","description":"Datenschutz und Informationssicherheit","publisher":{"@id":"https:\/\/www.kvinne.de\/#organization"},"potentialAction":[{"@type":"SearchAction","target":{"@type":"EntryPoint","urlTemplate":"https:\/\/www.kvinne.de\/?s={search_term_string}"},"query-input":{"@type":"PropertyValueSpecification","valueRequired":true,"valueName":"search_term_string"}}],"inLanguage":"en-US"},{"@type":"Organization","@id":"https:\/\/www.kvinne.de\/#organization","name":"KVINNE GmbH Datenschutz & Dgitalberatung","alternateName":"KVINNE","url":"https:\/\/www.kvinne.de\/","logo":{"@type":"ImageObject","inLanguage":"en-US","@id":"https:\/\/www.kvinne.de\/#\/schema\/logo\/image\/","url":"https:\/\/www.kvinne.de\/wp-content\/uploads\/2018\/07\/Logo-transparenter-Hintergrund-extra-Schloss-klein.png","contentUrl":"https:\/\/www.kvinne.de\/wp-content\/uploads\/2018\/07\/Logo-transparenter-Hintergrund-extra-Schloss-klein.png","width":150,"height":183,"caption":"KVINNE GmbH Datenschutz & Dgitalberatung"},"image":{"@id":"https:\/\/www.kvinne.de\/#\/schema\/logo\/image\/"},"sameAs":["https:\/\/www.linkedin.com\/company\/kvinne-gmbh\/"]}]}},"_links":{"self":[{"href":"https:\/\/www.kvinne.de\/en\/wp-json\/wp\/v2\/pages\/2198","targetHints":{"allow":["GET"]}}],"collection":[{"href":"https:\/\/www.kvinne.de\/en\/wp-json\/wp\/v2\/pages"}],"about":[{"href":"https:\/\/www.kvinne.de\/en\/wp-json\/wp\/v2\/types\/page"}],"author":[{"embeddable":true,"href":"https:\/\/www.kvinne.de\/en\/wp-json\/wp\/v2\/users\/1"}],"replies":[{"embeddable":true,"href":"https:\/\/www.kvinne.de\/en\/wp-json\/wp\/v2\/comments?post=2198"}],"version-history":[{"count":3,"href":"https:\/\/www.kvinne.de\/en\/wp-json\/wp\/v2\/pages\/2198\/revisions"}],"predecessor-version":[{"id":2219,"href":"https:\/\/www.kvinne.de\/en\/wp-json\/wp\/v2\/pages\/2198\/revisions\/2219"}],"wp:attachment":[{"href":"https:\/\/www.kvinne.de\/en\/wp-json\/wp\/v2\/media?parent=2198"}],"curies":[{"name":"wp","href":"https:\/\/api.w.org\/{rel}","templated":true}]}}