{"id":202,"date":"2018-07-13T19:47:02","date_gmt":"2018-07-13T17:47:02","guid":{"rendered":"https:\/\/www.acronum.de.w0194bd1.kasserver.com\/?page_id=202"},"modified":"2021-01-14T10:31:02","modified_gmt":"2021-01-14T09:31:02","slug":"informationssicherheit","status":"publish","type":"page","link":"https:\/\/www.kvinne.de\/en\/dsgvo\/informationssicherheit\/","title":{"rendered":"Information security"},"content":{"rendered":"<h2><span style=\"color: #223b60;\">&nbsp;Themenspektrum<\/span><\/h2>\n<h5>Informationen + Sicherheit = Informationssicherheit<\/h5>\n<p>&nbsp;Informationssicherheit im Unternehmen ist Wissen in jeglicher Art. z.B.<\/p>\n<ul>\n<li>manuelle Akten wie Briefe und Ordner<\/li>\n<li>das gesprochene Wort (in verbaler Form)<\/li>\n<li>Informationen auf Datentr\u00e4gern und in IT-Systemen<\/li>\n<\/ul>\n<h5>Informationen sind Werte (Assets) eines Unternehmens.<\/h5>\n<p>Informationen und damit verbundene Prozesse, Systeme, Netzwerke, und Personal zu deren Verarbeitung, stellen im Unternehmen organisationsweite Werte dar. Sie sind&nbsp; genauso&nbsp; wichtige Unternehmensressourcen f\u00fcr die Gesch\u00e4ftsziele wie andere Unternehmenswerte. <br>Sie verdienen damit den Schutz gegenunterschiedliche Gef\u00e4hrdungen!<\/p>\n\n\n<h2 class=\"wp-block-heading\">Schutzziele<\/h2>\n\n\n\n<ul class=\"wp-block-list\"><li>Vertraulichkeit<\/li><li>Integrit\u00e4t<\/li><li>Verf\u00fcgbarkeit<\/li><\/ul>\n\n\n\n<p>Das Bundesamt f\u00fcr Sicherheit in der Informationstechnik beschreibt diese 3 Schutzziele als sogenannte Grundwerte. Im englischen Sprachraum fasst man diese 3 Begriffe auch unter dem Akronym CIA-Triade zusammen. (confidentiality, integrity, availability)<\/p>\n\n\n\n<h2 class=\"wp-block-heading\">Informationssicherheit per Gesetz <\/h2>\n\n\n\n<p>Zum Schutz kritischer Infrastrukturen werden von staatlicher Stelle verschiedene Strategien verfolgt.<\/p>\n\n\n\n<ul class=\"wp-block-list\"><li>IT-Sicherheitsgesetz<\/li><li>IT-Sicherheitskatalog<\/li><\/ul>\n\n\n\n<p>Da wegen hochgradiger Vernetzung von Informationen und deren volkswirtschaftlicher Bedeutung auch ein staatliches Interesse an angemessener Sicherheit gegeben ist, gibt es entsprechende gesetzliche Regelungen. <br><a rel=\"noreferrer noopener\" aria-label=\" (\u00f6ffnet in neuem Tab)\" href=\"https:\/\/www.bsi.bund.de\/DE\/Themen\/Industrie_KRITIS\/KRITIS\/IT-SiG\/it_sig_node.html\" target=\"_blank\">https:\/\/www.bsi.bund.de\/DE\/Themen\/Industrie_KRITIS\/KRITIS\/IT-SiG\/it_sig_node.html<\/a><br><\/p>\n\n\n\n<h3 class=\"wp-block-heading\">2.0 Neue KRITIS-Sektoren und Bereiche<\/h3>\n\n\n\n<p>Eine zentrale \u00c4nderung ist die Ausweitung der einbezogenen Unternehmen. Ganz neu hinzugekommen ist die <strong>Abfallentsorgung. <\/strong>Ebenfalls betroffen sind die Bereiche Kultur und Medien<strong>.<\/strong><\/p>\n\n\n\n<p>Die Gesetzesbegr\u00fcndung nennt weiterhin auch \u201eInfrastrukturen aus den Bereichen <strong>Chemie <\/strong>[und] <strong>Automobilherstellung<\/strong>\u201c als Unternehmen mit hoher Bedeutung f\u00fcr das Funktionieren des Gemeinwesens.<\/p>\n\n\n\n<h3 class=\"wp-block-heading\">Dienstleister<\/h3>\n\n\n\n<p>Das neue Gesetz betrachtet nun die gesamte Lieferkette. Daraufhin werden alle Unternehmen entsprechende Standards einf\u00fchren m\u00fcssen, welche Dienstleister von Sektoren der kritischer Infrastruktur sind.<\/p>\n\n\n\n<p>Sie unterliegen, ebenso wie allgemein alle <strong>Hersteller von IT-Produkten<\/strong>, einer Meldepflicht gegen\u00fcber dem Bundesamt f\u00fcr Sicherheit in der Informationstechnik (BSI) bei Sicherheitsvorf\u00e4llen.<\/p>\n\n\n\n<h2 class=\"wp-block-heading\">Neue Bu\u00dfgelder im Stil der DSGVO<\/h2>\n\n\n\n<p>Die bisherigen Bu\u00dfgelder von maximal 100.000 \u20ac werden im Entwurf als \nzu gering angesehen, um eine lenkende Wirkung zu haben. Daher ist nun \nvorgesehen sich an der <strong>DSGVO<\/strong> zu orientieren und Bu\u00dfgelder bis maximal 20.000.000 Euro oder von bis <strong>zu 4% des gesamten, weltweiten Umsatzes<\/strong> zu verh\u00e4ngen.<\/p>\n\n\n\n<h3 class=\"wp-block-heading\">Einhaltung des IT-Sicherheitsgesetzes<\/h3>\n\n\n\n<p>Die internationale Norm <strong>ISO\/IEC 27001<\/strong> <em>Information technology \u2013 Security techniques \u2013 Information security management systems \u2013 Requirements<\/em>  spezifiziert die Anforderungen f\u00fcr Einrichtung, Umsetzung,  Aufrechterhaltung und fortlaufende Verbesserung eines dokumentierten Informationssicherheits-Managementsystems  unter Ber\u00fccksichtigung des Kontexts des Unternehmens. Dar\u00fcber hinaus  beinhaltet die Norm Anforderungen f\u00fcr die Beurteilung und Behandlung von  Informationssicherheitsrisiken entsprechend den individuellen  Bed\u00fcrfnissen.  Hierbei werden s\u00e4mtliche Arten von Organisationen (z. B.  Handelsunternehmen, staatliche Organisationen, Non-Profitorganisationen)  ber\u00fccksichtigt. Die Norm wurde auch als DIN-Norm ver\u00f6ffentlicht und ist Teil der <em>ISO\/IEC&nbsp;2700x-Familie<\/em>. <br><\/p>\n\n\n\n<h1 class=\"wp-block-heading\">Managementsystem nach ISO 27001:2015<\/h1>\n\n\n\n<p>Der Standard f\u00fcr die Einhaltung der Sicherheit der Informationen im Unternehmen.<\/p>\n\n\n\n<p>Die KVINNE GmbH ber\u00e4t mittelst\u00e4ndische Unternehmen in Dresden bei der Einf\u00fchrung der ISO 27001.<\/p>\n\n\n\n<h3 class=\"wp-block-heading\">Was ist der Unterschied zwischen Informationssicherheit und Datenschutz.<\/h3>\n\n\n\n<h3 class=\"wp-block-heading\">Informationen<\/h3>\n\n\n\n<p>Sind alle vertraulichen Informationen in Ihrem Unternehmen die da w\u00e4ren:<\/p>\n\n\n\n<ul class=\"wp-block-list\"><li>Gesch\u00e4ftsstrategien<\/li><li>Passw\u00f6rter<\/li><li>Schwachstellenanalysen<\/li><li>Aufzeichnungen \u00fcber Entwicklungen<\/li><li>Entwicklercode<\/li><li>Preislisten<\/li><li>Buchhaltungsdaten &#8211; BWA, Gehalt, Liquidit\u00e4tsrechnungen<\/li><li>personenbezogene Daten<\/li><\/ul>\n\n\n\n<h3 class=\"wp-block-heading\">Datenschutz<\/h3>\n\n\n\n<p>Ist eine EU- Weite Verordnung, welche alle personenbezogenen Daten sch\u00fctzt. Der Datenschutz ist ein Teil der Informationssicherheit.<\/p>\n\n\n\n<p>Die <a href=\"https:\/\/www.kvinne.de\/technische-und-organisatorische-massnahmen\/\" target=\"_blank\" rel=\"noreferrer noopener\">technischen und organisatorischen Ma\u00dfnahmen<\/a>&nbsp; der EU DSGVO enthalten einige Teile der ISO 27001.<\/p>\n\n\n\n<p>In beiden Managementsytemen muss eine Risikoanalyse erstellt werden.<br>Erfahren Sie hier, wie eine <a href=\"https:\/\/www.kvinne.de\/technische-und-organisatorische-massnahmen\/\" target=\"_blank\" rel=\"noreferrer noopener\">Risikoanalyse<\/a> durchgef\u00fchrt wird.<\/p>\n\n\n\n<h3 class=\"wp-block-heading\">Wer sollte die ISO 27001 im Unternehmen einf\u00fchren?<\/h3>\n\n\n\n<p>Heute ist die ISO 27001 der weltweit am h\u00e4ufigsten eingesetzte Standard f\u00fcr die Informationssicherheit im Rechenzentrum. Unternehmen k\u00f6nnen das Zertifikat erhalten, indem Sie die eigene Sicherheit von unabh\u00e4ngigen Pr\u00fcfern untersuchen lassen und diese Sicherheit auch \u00fcber die kommenden Jahre einhalten. Aber nicht nur Rechenzentren geraten unter Druck diese Norm einzuf\u00fchren. Aufgrund der Bindung an Subunternehmer und an die generelle Anforderung der Sicherheit der Informationen f\u00fchren weltweit immer mehr Branchen die Norm ein.<\/p>\n\n\n\n<ul class=\"wp-block-list\"><li>Rechenzentren<\/li><li>Softwareunternehmen<\/li><li>IT-Dienstleister<\/li><li>Automobilhersteller und Zulieferer<\/li><li>Gesundheitsbranche<\/li><\/ul>\n\n\n\n<h3 class=\"wp-block-heading\">Die Funktionsweise von ISO 27001<\/h3>\n\n\n\n<p>Drei Kernaspekte von Informationen stehen im Zentrum von ISO 27001. Gew\u00e4hrleistet werden sollen<\/p>\n\n\n\n<ul class=\"wp-block-list\"><li>die Vertraulichkeit<\/li><li>die Integrit\u00e4t<\/li><li>und die Verf\u00fcgbarkeit<\/li><\/ul>\n\n\n\n<p>von Informationen innerhalb einer Organisation beziehungsweise im Rechenzentrum. Um diese Ziele zu erreichen, nimmt ein Pr\u00fcfungskomitee eine Risikoeinsch\u00e4tzung in den genannten Bereichen vor und erkennt damit potenzielle Probleme. Anschlie\u00dfend wird exakt ausformuliert, wie die erkannten Probleme beseitigt oder eingeschr\u00e4nkt werden k\u00f6nnen.<\/p>\n\n\n\n<p>Welcher Sicherheitsma\u00dfnahmen konkret umgesetzt werden, h\u00e4ngt von der Art der im Rechenzentrum erkannten Risiken ab. Gew\u00f6hnlicherweise werden in einem <a href=\"https:\/\/www.datacenter-insider.de\/rechenzentren-sind-konzentrierte-it-power-und-ort-des-geschehens-a-573707\/\" target=\"_blank\" rel=\"noreferrer noopener\">Datacenter<\/a> bestimmte Richtlinien und Verfahren eingerichtet, welche der technischen Umsetzung der Sicherheit gelten. Dazu z\u00e4hlen in einem Rechenzentrum beispielsweise die <a href=\"https:\/\/www.datacenter-insider.de\/hardware-ist-greifbar-a-578479\/\" target=\"_blank\" rel=\"noreferrer noopener\">Hardware<\/a> und auch die verwendete <a href=\"https:\/\/www.datacenter-insider.de\/software-der-treibstoff-fuer-den-computer-a-589358\/\" target=\"_blank\" rel=\"noreferrer noopener\">Software<\/a>.<\/p>\n\n\n\n<p>F\u00fcr gew\u00f6hnlich sind sowohl Hardware und Software im Datacenter bereits vorhanden, allerdings nutzt das Unternehmen sie auf eine nach ISO 27001 falsche Weise. Ein gro\u00dfer Teil der Umsetzung von ISO 27001 im Rechenzentrum l\u00e4uft somit darauf hinaus, organisatorische Regeln einzuhalten, um Sicherheitsl\u00fccken sowohl f\u00fcr das Unternehmen selbst als auch f\u00fcr dessen Kunden zu minimieren.<\/p>\n\n\n\n<p>Insgesamt handelt es sich bei ISO 27001 somit um einen Standard, der nicht nur die generelle IT-Sicherheit in Form von Applikationen wie Firewalls und Antivirensoftware in einem Rechenzentrum umfasst, sondern der auch personelle Fragen, juristische Angelegenheiten und weitere Dinge miteinbezieht.<\/p>\n\n\n\n<h3 class=\"wp-block-heading\">Die Vorteile von ISO 27001<\/h3>\n\n\n\n<p>Auf gleich mehreren Ebenen stellt die Einhaltung von ISO 27001 einen Vorteil dar:<\/p>\n\n\n\n<p><strong>Kosten:<\/strong> Durch die Einhaltung von ISO 27001 im Rechenzentrum sinkt auch die Wahrscheinlichkeit, dass es zu kleineren und gr\u00f6\u00dferen St\u00f6rf\u00e4llen kommt. F\u00fcr das ISO 27001-Zertifikat werden wesentlich geringere Kosten anfallen als bei einem Ausfall wichtiger Systeme oder Prozesse. Langfristig sparen Unternehmen durch ISO 27001 somit Geld.<\/p>\n\n\n\n<p><strong>Organisation:<\/strong> Alle wichtigen Prozesse im Unternehmen sowie deren Bindung an die jeweiligen Mitarbeiter werden von ISO 27001 genau definiert. Im Rechenzentrum wei\u00df also jeder, wann was zu tun ist. Das spart Zeit und sorgt daf\u00fcr, dass Mitarbeiter weniger Leerlauf wahrnehmen m\u00fcssen (auch au\u00dferhalb der eigentlichen IT-Sicherheit).<\/p>\n\n\n\n<p><strong>Wettbewerbsvorteil:<\/strong> Gerade der Umgang mit Kundendaten wird von ISO 27001 wesentlich sicherer gestaltet. Kunden, die eventuell zwischen Ihrem Unternehmen und einem anderen Anbieter, der nicht ISO 27001-zertifiziert ist, schwanken, werden f\u00fcr gew\u00f6hnlich Ihnen vertrauen.<\/p>\n\n\n\n<p><strong>Vorschriften:<\/strong> Vertragliche Bindungen, Gesetze und Vorschriften machen es komplex, ein Unternehmen rechtlich sicher zu f\u00fchren. Organisationen, die auf ISO 27001 setzen, erf\u00fcllen im Rechenzentrum und au\u00dferhalb bereits die allermeisten Vorschriften zu 100 Prozent und wissen sich dadurch auf der rechtlich sicheren Seite.<\/p>\n\n\n\n<h3 class=\"wp-block-heading\">ISO 27001 im Detail<\/h3>\n\n\n\n<p>Derzeit (Stand: Juni 2017) ist die ISO 27001 in elf einzelne Abschnitt sowie einen Anhang gegliedert. Die unterschiedlichen Abschnitte beschreiben sowohl eine Einf\u00fchrung in das Thema selbst (diese Abschnitte haben mit der sp\u00e4teren Umsetzung der Richtlinie im Rechenzentrum nichts zu tun) als auch die eigentlich relevanten Sektionen.<\/p>\n\n\n\n<p>Ausnahmslos alle Abschnitte m\u00fcssen zu 100 Prozent umgesetzt werden, damit ein Unternehmen das G\u00fctesiegel in Form von ISO 27001 erh\u00e4lt. Die Abschnitte 0 bis 3 beschreiben dabei unter anderem die Einf\u00fchrung in das Thema sowie den Anwendungsbereich (f\u00fcr gew\u00f6hnlich jede Art von Organisation in jeder denkbaren Gr\u00f6\u00dfe). Weiterhin finden sich hier Begrifflichkeiten und deren Definitionen, die in den kommenden Abschnitten umgesetzt werden.<\/p>\n\n\n\n<p>Abschnitte 4 bis 10 beziehen sich auf die exakte Umsetzung im Rechenzentrum. Diese Abschnitte geben Richtlinien etwa f\u00fcr die Planung, den Support, die Durchf\u00fchrung, die Leitung oder die Verbesserung von bestehenden Systemen im Rechenzentrum. Der letzte Anhang A des gesamten Dokuments zeigt noch einmal alle 114 einzelnen Schutzma\u00dfnahmen auf, die in ISO 27001 definiert sind. Werden alle Abschnitte umgesetzt und eingehalten, bekommt das jeweilige Rechenzentrum das gew\u00fcnschte Zertifikat.<\/p>\n\n\n\n<h3 class=\"wp-block-heading\">Umsetzung von ISO 27001 im Rechenzentrum<\/h3>\n\n\n\n<p>16 einzelne Schritte sind daf\u00fcr verantwortlich, ISO 27001 letztendlich im Rechenzentrum einf\u00fchren zu d\u00fcrfen. Zuerst muss die Unterst\u00fctzung der Gesch\u00e4ftsf\u00fchrung gegeben sein, au\u00dferdem muss der Anwendungsbereich des Management-Systems f\u00fcr Informationssicherheit definiert werden.<\/p>\n\n\n\n<p>Weiterhin muss f\u00fcr das Rechenzentrum eine oberste IT-Sicherheitsrichtlinie erstellt sein. Unternehmen sollen per Definition einen Plan zur Risikobehandlung vorlegen und eine Erkl\u00e4rung der letztendlichen Anwendbarkeit verfassen. Im Rechenzentrum m\u00fcssen alle Ma\u00dfnahmen und Verfahren, die in ISO 27001 definiert sind, umgesetzt werden.<\/p>\n\n\n\n<p>Neben den technischen Ma\u00dfnahmen wird auch das Personal im Rechenzentrum in ISO 27001 einbezogen. Schulungsprogramme stehen daher ebenfalls auf dem Plan. Regelm\u00e4\u00dfige interne Revisionen durch externe oder interne Dienstleister sind durchzuf\u00fchren, sowohl im Rechenzentrum als auch au\u00dferhalb. Alle genannten Schritte stellen nur einen kleinen Teil der Umsetzung von ISO 27001 dar. Damit ein Rechenzentrum am Ende das Zertifikat erh\u00e4lt, werden unter Umst\u00e4nden Monate vergehen.<\/p>\n\n\n\n<h3 class=\"wp-block-heading\">ISO 27001 f\u00fcr Personen und Organisationen<\/h3>\n\n\n\n<p>Zwei verschiedene Zertifikate existieren derzeit f\u00fcr ISO 27001. Organisationen k\u00f6nnen den Antrag stellen, um anschlie\u00dfend von Revisoren gepr\u00fcft zu werden. Dabei erfolgt eine \u00dcberpr\u00fcfung von Dokumenten sowie des Unternehmens selbst.<\/p>\n\n\n\n<p>In dieser Zeit stellen die Revisoren fest, ob alle in ISO 27001 definierten Ma\u00dfnahmen eingehalten werden. Anschlie\u00dfend folgt eine dreij\u00e4hrige Phase, in der in unregelm\u00e4\u00dfigen Abst\u00e4nden gepr\u00fcft wird, ob ISO 27001 eingehalten wird oder nicht.<\/p>\n\n\n\n<p>Personen k\u00f6nnen das Zertifikat ebenfalls \u00fcber diverse Kurse erhalten. Gegenstand dieser Kurse sind etwa die Umsetzung des Standards in Unternehmen oder die Durchf\u00fchrung von Pr\u00fcfungen als Revisor in Unternehmen. Auch Grundlagenkurse f\u00fcr angehende Revisoren existieren. Nach erfolgreichem Abschluss dieser Kurse erhalten auch Privatpersonen ein Zertifikat f\u00fcr ISO 27001.<\/p>\n\n\n\n<p>Email: <a href=\"mailto:info@kvinne.de\" target=\"_blank\" rel=\"noreferrer noopener\" aria-label=\" (\u00f6ffnet in neuem Tab)\">info@kvinne.de<\/a><br>Tel: <a rel=\"noreferrer noopener\" aria-label=\"+49.351.21971182 (\u00f6ffnet in neuem Tab)\" href=\"tel:+4935121971182\" target=\"_blank\">+49.351.21971182<\/a><\/p>\n\n\n\n<p>Wir freuen uns auf Ihre Nachricht!<\/p>\n\n\n\n<p><a href=\"https:\/\/www.kvinne.de\/technische-und-organisatorische-massnahmen\/\">Auch interessant!<\/a><\/p>\n\n\n\n<p><br><\/p>\n","protected":false},"excerpt":{"rendered":"<p>&nbsp;Themenspektrum Informationen + Sicherheit = Informationssicherheit &nbsp;Informationssicherheit im Unternehmen ist Wissen in jeglicher Art. z.B. manuelle Akten wie Briefe und Ordner das gesprochene Wort (in verbaler Form) Informationen auf Datentr\u00e4gern und in IT-Systemen Informationen sind Werte (Assets) eines Unternehmens. Informationen und damit verbundene Prozesse, Systeme, Netzwerke, und Personal zu deren Verarbeitung, stellen im Unternehmen organisationsweite &#8230; <a title=\"Information security\" class=\"read-more\" href=\"https:\/\/www.kvinne.de\/en\/dsgvo\/informationssicherheit\/\" aria-label=\"Read more about Informationssicherheit\">Read more<\/a><\/p>","protected":false},"author":1,"featured_media":592,"parent":14,"menu_order":0,"comment_status":"closed","ping_status":"closed","template":"","meta":{"footnotes":""},"class_list":["post-202","page","type-page","status-publish","has-post-thumbnail"],"yoast_head":"<!-- This site is optimized with the Yoast SEO plugin v27.4 - https:\/\/yoast.com\/product\/yoast-seo-wordpress\/ -->\n<title>Informationssicherheit und Datenschutz - KVINNE GmbH Dresden<\/title>\n<meta name=\"description\" content=\"Informationssicherheit\u00a0betrifft Daten jeglicher Art im Unternehmen. Wir helfen Ihnen, die DSGVO und ISO 27001 umzusetzen und Bu\u00dfgelder zu vermeiden.\" \/>\n<meta name=\"robots\" content=\"index, follow, max-snippet:-1, max-image-preview:large, max-video-preview:-1\" \/>\n<link rel=\"canonical\" href=\"https:\/\/www.kvinne.de\/en\/dsgvo\/informationssicherheit\/\" \/>\n<meta property=\"og:locale\" content=\"en_US\" \/>\n<meta property=\"og:type\" content=\"article\" \/>\n<meta property=\"og:title\" content=\"Informationssicherheit und Datenschutz - KVINNE GmbH Dresden\" \/>\n<meta property=\"og:description\" content=\"Informationssicherheit\u00a0betrifft Daten jeglicher Art im Unternehmen. Wir helfen Ihnen, die DSGVO und ISO 27001 umzusetzen und Bu\u00dfgelder zu vermeiden.\" \/>\n<meta property=\"og:url\" content=\"https:\/\/www.kvinne.de\/en\/dsgvo\/informationssicherheit\/\" \/>\n<meta property=\"og:site_name\" content=\"KVINNE GmbH\" \/>\n<meta property=\"article:modified_time\" content=\"2021-01-14T09:31:02+00:00\" \/>\n<meta property=\"og:image\" content=\"https:\/\/www.kvinne.de\/wp-content\/uploads\/2019\/04\/COLOURBOX2673100-e1575879234746.jpg\" \/>\n\t<meta property=\"og:image:width\" content=\"800\" \/>\n\t<meta property=\"og:image:height\" content=\"515\" \/>\n\t<meta property=\"og:image:type\" content=\"image\/jpeg\" \/>\n<meta name=\"twitter:card\" content=\"summary_large_image\" \/>\n<meta name=\"twitter:label1\" content=\"Est. reading time\" \/>\n\t<meta name=\"twitter:data1\" content=\"8 minutes\" \/>\n<script type=\"application\/ld+json\" class=\"yoast-schema-graph\">{\"@context\":\"https:\\\/\\\/schema.org\",\"@graph\":[{\"@type\":\"WebPage\",\"@id\":\"https:\\\/\\\/www.kvinne.de\\\/dsgvo\\\/informationssicherheit\\\/\",\"url\":\"https:\\\/\\\/www.kvinne.de\\\/dsgvo\\\/informationssicherheit\\\/\",\"name\":\"Informationssicherheit und Datenschutz - KVINNE GmbH Dresden\",\"isPartOf\":{\"@id\":\"https:\\\/\\\/www.kvinne.de\\\/#website\"},\"primaryImageOfPage\":{\"@id\":\"https:\\\/\\\/www.kvinne.de\\\/dsgvo\\\/informationssicherheit\\\/#primaryimage\"},\"image\":{\"@id\":\"https:\\\/\\\/www.kvinne.de\\\/dsgvo\\\/informationssicherheit\\\/#primaryimage\"},\"thumbnailUrl\":\"https:\\\/\\\/www.kvinne.de\\\/wp-content\\\/uploads\\\/2019\\\/04\\\/COLOURBOX2673100-e1575879234746.jpg\",\"datePublished\":\"2018-07-13T17:47:02+00:00\",\"dateModified\":\"2021-01-14T09:31:02+00:00\",\"description\":\"Informationssicherheit\u00a0betrifft Daten jeglicher Art im Unternehmen. Wir helfen Ihnen, die DSGVO und ISO 27001 umzusetzen und Bu\u00dfgelder zu vermeiden.\",\"breadcrumb\":{\"@id\":\"https:\\\/\\\/www.kvinne.de\\\/dsgvo\\\/informationssicherheit\\\/#breadcrumb\"},\"inLanguage\":\"en-US\",\"potentialAction\":[{\"@type\":\"ReadAction\",\"target\":[\"https:\\\/\\\/www.kvinne.de\\\/dsgvo\\\/informationssicherheit\\\/\"]}]},{\"@type\":\"ImageObject\",\"inLanguage\":\"en-US\",\"@id\":\"https:\\\/\\\/www.kvinne.de\\\/dsgvo\\\/informationssicherheit\\\/#primaryimage\",\"url\":\"https:\\\/\\\/www.kvinne.de\\\/wp-content\\\/uploads\\\/2019\\\/04\\\/COLOURBOX2673100-e1575879234746.jpg\",\"contentUrl\":\"https:\\\/\\\/www.kvinne.de\\\/wp-content\\\/uploads\\\/2019\\\/04\\\/COLOURBOX2673100-e1575879234746.jpg\",\"width\":800,\"height\":515,\"caption\":\"Gesch\u00e4ftsgeheimnis\"},{\"@type\":\"BreadcrumbList\",\"@id\":\"https:\\\/\\\/www.kvinne.de\\\/dsgvo\\\/informationssicherheit\\\/#breadcrumb\",\"itemListElement\":[{\"@type\":\"ListItem\",\"position\":1,\"name\":\"Startseite\",\"item\":\"https:\\\/\\\/www.kvinne.de\\\/\"},{\"@type\":\"ListItem\",\"position\":2,\"name\":\"DSGVO und Informationssicherheit\",\"item\":\"https:\\\/\\\/www.kvinne.de\\\/dsgvo\\\/\"},{\"@type\":\"ListItem\",\"position\":3,\"name\":\"Informationssicherheit\"}]},{\"@type\":\"WebSite\",\"@id\":\"https:\\\/\\\/www.kvinne.de\\\/#website\",\"url\":\"https:\\\/\\\/www.kvinne.de\\\/\",\"name\":\"KVINNE GmbH\",\"description\":\"Datenschutz und Informationssicherheit\",\"publisher\":{\"@id\":\"https:\\\/\\\/www.kvinne.de\\\/#organization\"},\"potentialAction\":[{\"@type\":\"SearchAction\",\"target\":{\"@type\":\"EntryPoint\",\"urlTemplate\":\"https:\\\/\\\/www.kvinne.de\\\/?s={search_term_string}\"},\"query-input\":{\"@type\":\"PropertyValueSpecification\",\"valueRequired\":true,\"valueName\":\"search_term_string\"}}],\"inLanguage\":\"en-US\"},{\"@type\":\"Organization\",\"@id\":\"https:\\\/\\\/www.kvinne.de\\\/#organization\",\"name\":\"KVINNE GmbH Datenschutz & Dgitalberatung\",\"alternateName\":\"KVINNE\",\"url\":\"https:\\\/\\\/www.kvinne.de\\\/\",\"logo\":{\"@type\":\"ImageObject\",\"inLanguage\":\"en-US\",\"@id\":\"https:\\\/\\\/www.kvinne.de\\\/#\\\/schema\\\/logo\\\/image\\\/\",\"url\":\"https:\\\/\\\/www.kvinne.de\\\/wp-content\\\/uploads\\\/2018\\\/07\\\/Logo-transparenter-Hintergrund-extra-Schloss-klein.png\",\"contentUrl\":\"https:\\\/\\\/www.kvinne.de\\\/wp-content\\\/uploads\\\/2018\\\/07\\\/Logo-transparenter-Hintergrund-extra-Schloss-klein.png\",\"width\":150,\"height\":183,\"caption\":\"KVINNE GmbH Datenschutz & Dgitalberatung\"},\"image\":{\"@id\":\"https:\\\/\\\/www.kvinne.de\\\/#\\\/schema\\\/logo\\\/image\\\/\"},\"sameAs\":[\"https:\\\/\\\/www.linkedin.com\\\/company\\\/kvinne-gmbh\\\/\"]}]}<\/script>\n<!-- \/ Yoast SEO plugin. -->","yoast_head_json":{"title":"Informationssicherheit und Datenschutz - KVINNE GmbH Dresden","description":"Informationssicherheit\u00a0betrifft Daten jeglicher Art im Unternehmen. Wir helfen Ihnen, die DSGVO und ISO 27001 umzusetzen und Bu\u00dfgelder zu vermeiden.","robots":{"index":"index","follow":"follow","max-snippet":"max-snippet:-1","max-image-preview":"max-image-preview:large","max-video-preview":"max-video-preview:-1"},"canonical":"https:\/\/www.kvinne.de\/en\/dsgvo\/informationssicherheit\/","og_locale":"en_US","og_type":"article","og_title":"Informationssicherheit und Datenschutz - KVINNE GmbH Dresden","og_description":"Informationssicherheit\u00a0betrifft Daten jeglicher Art im Unternehmen. Wir helfen Ihnen, die DSGVO und ISO 27001 umzusetzen und Bu\u00dfgelder zu vermeiden.","og_url":"https:\/\/www.kvinne.de\/en\/dsgvo\/informationssicherheit\/","og_site_name":"KVINNE GmbH","article_modified_time":"2021-01-14T09:31:02+00:00","og_image":[{"width":800,"height":515,"url":"https:\/\/www.kvinne.de\/wp-content\/uploads\/2019\/04\/COLOURBOX2673100-e1575879234746.jpg","type":"image\/jpeg"}],"twitter_card":"summary_large_image","twitter_misc":{"Est. reading time":"8 minutes"},"schema":{"@context":"https:\/\/schema.org","@graph":[{"@type":"WebPage","@id":"https:\/\/www.kvinne.de\/dsgvo\/informationssicherheit\/","url":"https:\/\/www.kvinne.de\/dsgvo\/informationssicherheit\/","name":"Informationssicherheit und Datenschutz - KVINNE GmbH Dresden","isPartOf":{"@id":"https:\/\/www.kvinne.de\/#website"},"primaryImageOfPage":{"@id":"https:\/\/www.kvinne.de\/dsgvo\/informationssicherheit\/#primaryimage"},"image":{"@id":"https:\/\/www.kvinne.de\/dsgvo\/informationssicherheit\/#primaryimage"},"thumbnailUrl":"https:\/\/www.kvinne.de\/wp-content\/uploads\/2019\/04\/COLOURBOX2673100-e1575879234746.jpg","datePublished":"2018-07-13T17:47:02+00:00","dateModified":"2021-01-14T09:31:02+00:00","description":"Informationssicherheit\u00a0betrifft Daten jeglicher Art im Unternehmen. Wir helfen Ihnen, die DSGVO und ISO 27001 umzusetzen und Bu\u00dfgelder zu vermeiden.","breadcrumb":{"@id":"https:\/\/www.kvinne.de\/dsgvo\/informationssicherheit\/#breadcrumb"},"inLanguage":"en-US","potentialAction":[{"@type":"ReadAction","target":["https:\/\/www.kvinne.de\/dsgvo\/informationssicherheit\/"]}]},{"@type":"ImageObject","inLanguage":"en-US","@id":"https:\/\/www.kvinne.de\/dsgvo\/informationssicherheit\/#primaryimage","url":"https:\/\/www.kvinne.de\/wp-content\/uploads\/2019\/04\/COLOURBOX2673100-e1575879234746.jpg","contentUrl":"https:\/\/www.kvinne.de\/wp-content\/uploads\/2019\/04\/COLOURBOX2673100-e1575879234746.jpg","width":800,"height":515,"caption":"Gesch\u00e4ftsgeheimnis"},{"@type":"BreadcrumbList","@id":"https:\/\/www.kvinne.de\/dsgvo\/informationssicherheit\/#breadcrumb","itemListElement":[{"@type":"ListItem","position":1,"name":"Startseite","item":"https:\/\/www.kvinne.de\/"},{"@type":"ListItem","position":2,"name":"DSGVO und Informationssicherheit","item":"https:\/\/www.kvinne.de\/dsgvo\/"},{"@type":"ListItem","position":3,"name":"Informationssicherheit"}]},{"@type":"WebSite","@id":"https:\/\/www.kvinne.de\/#website","url":"https:\/\/www.kvinne.de\/","name":"KVINNE GmbH","description":"Datenschutz und Informationssicherheit","publisher":{"@id":"https:\/\/www.kvinne.de\/#organization"},"potentialAction":[{"@type":"SearchAction","target":{"@type":"EntryPoint","urlTemplate":"https:\/\/www.kvinne.de\/?s={search_term_string}"},"query-input":{"@type":"PropertyValueSpecification","valueRequired":true,"valueName":"search_term_string"}}],"inLanguage":"en-US"},{"@type":"Organization","@id":"https:\/\/www.kvinne.de\/#organization","name":"KVINNE GmbH Datenschutz & Dgitalberatung","alternateName":"KVINNE","url":"https:\/\/www.kvinne.de\/","logo":{"@type":"ImageObject","inLanguage":"en-US","@id":"https:\/\/www.kvinne.de\/#\/schema\/logo\/image\/","url":"https:\/\/www.kvinne.de\/wp-content\/uploads\/2018\/07\/Logo-transparenter-Hintergrund-extra-Schloss-klein.png","contentUrl":"https:\/\/www.kvinne.de\/wp-content\/uploads\/2018\/07\/Logo-transparenter-Hintergrund-extra-Schloss-klein.png","width":150,"height":183,"caption":"KVINNE GmbH Datenschutz & Dgitalberatung"},"image":{"@id":"https:\/\/www.kvinne.de\/#\/schema\/logo\/image\/"},"sameAs":["https:\/\/www.linkedin.com\/company\/kvinne-gmbh\/"]}]}},"_links":{"self":[{"href":"https:\/\/www.kvinne.de\/en\/wp-json\/wp\/v2\/pages\/202","targetHints":{"allow":["GET"]}}],"collection":[{"href":"https:\/\/www.kvinne.de\/en\/wp-json\/wp\/v2\/pages"}],"about":[{"href":"https:\/\/www.kvinne.de\/en\/wp-json\/wp\/v2\/types\/page"}],"author":[{"embeddable":true,"href":"https:\/\/www.kvinne.de\/en\/wp-json\/wp\/v2\/users\/1"}],"replies":[{"embeddable":true,"href":"https:\/\/www.kvinne.de\/en\/wp-json\/wp\/v2\/comments?post=202"}],"version-history":[{"count":0,"href":"https:\/\/www.kvinne.de\/en\/wp-json\/wp\/v2\/pages\/202\/revisions"}],"up":[{"embeddable":true,"href":"https:\/\/www.kvinne.de\/en\/wp-json\/wp\/v2\/pages\/14"}],"wp:featuredmedia":[{"embeddable":true,"href":"https:\/\/www.kvinne.de\/en\/wp-json\/wp\/v2\/media\/592"}],"wp:attachment":[{"href":"https:\/\/www.kvinne.de\/en\/wp-json\/wp\/v2\/media?parent=202"}],"curies":[{"name":"wp","href":"https:\/\/api.w.org\/{rel}","templated":true}]}}